{"id":1144,"date":"2016-10-26T16:52:01","date_gmt":"2016-10-26T16:52:01","guid":{"rendered":"http:\/\/parafiasmardzewo.pl\/?page_id=1144"},"modified":"2016-11-08T23:19:48","modified_gmt":"2016-11-08T22:19:48","slug":"niedziela-powolan-kaplanskich-19-04","status":"publish","type":"page","link":"https:\/\/parafiasmardzewo.pl\/?page_id=1144","title":{"rendered":"Niedziela powo\u0142a\u0144 kap\u0142a\u0144skich (19 IV)"},"content":{"rendered":"\n\t\n\n\t\n    <script type='text\/javascript'>\n    jQuery(document).ready(function() {\n\t\tjQuery('#lightGallery0').lightGallery({\n\t\t\tdesc        : true,\n\t\t\tcaption     : true,\n\t\t\tmode   : 'slide'\n\t\t});\n    });\n    <\/script>\n\t\n\t<ul id='lightGallery0' class='easy_gallery_wp'>\n\t\t\t<li data-title='15_niedziela-powo\u0142a\u0144-kap\u0142a\u0144skich22 (3)' data-desc='' data-responsive-src='https:\/\/parafiasmardzewo.pl\/wp-content\/uploads\/2016\/10\/15_niedziela-powo\u0142a\u0144-kap\u0142a\u0144skich22-33-300x199.jpg' data-src='https:\/\/parafiasmardzewo.pl\/wp-content\/uploads\/2016\/10\/15_niedziela-powo\u0142a\u0144-kap\u0142a\u0144skich22-33-1024x680.jpg'>\n\t\t\t\t<div class='overlay_easy'><\/div>\n\t\t\t\t<div class='easy_icon_holder'>\n\t\t\t\t\t<span class='icon icon-awesome-plus'><\/span>\n\t\t\t\t<\/div>\n\t\t\t\t<a href='https:\/\/parafiasmardzewo.pl\/?attachment_id=2154'><img width=\"150\" height=\"150\" src=\"https:\/\/parafiasmardzewo.pl\/wp-content\/uploads\/2016\/10\/15_niedziela-powo\u0142a\u0144-kap\u0142a\u0144skich22-33-150x150.jpg\" class=\"attachment-thumbnail size-thumbnail\" alt=\"\" loading=\"lazy\" \/><\/a>\n\t\t\t<\/li>\n\t\t\t<li data-title='15_niedziela-powo\u0142a\u0144-kap\u0142a\u0144skich22 (2)' data-desc='' data-responsive-src='https:\/\/parafiasmardzewo.pl\/wp-content\/uploads\/2016\/10\/15_niedziela-powo\u0142a\u0144-kap\u0142a\u0144skich22-25-300x199.jpg' data-src='https:\/\/parafiasmardzewo.pl\/wp-content\/uploads\/2016\/10\/15_niedziela-powo\u0142a\u0144-kap\u0142a\u0144skich22-25-1024x680.jpg'>\n\t\t\t\t<div class='overlay_easy'><\/div>\n\t\t\t\t<div class='easy_icon_holder'>\n\t\t\t\t\t<span class='icon icon-awesome-plus'><\/span>\n\t\t\t\t<\/div>\n\t\t\t\t<a href='https:\/\/parafiasmardzewo.pl\/?attachment_id=2153'><img width=\"150\" height=\"150\" src=\"https:\/\/parafiasmardzewo.pl\/wp-content\/uploads\/2016\/10\/15_niedziela-powo\u0142a\u0144-kap\u0142a\u0144skich22-25-150x150.jpg\" class=\"attachment-thumbnail size-thumbnail\" alt=\"\" loading=\"lazy\" \/><\/a>\n\t\t\t<\/li>\n\t\t\t<li data-title='15_niedziela-powo\u0142a\u0144-kap\u0142a\u0144skich22 (1)' data-desc='' data-responsive-src='https:\/\/parafiasmardzewo.pl\/wp-content\/uploads\/2016\/10\/15_niedziela-powo\u0142a\u0144-kap\u0142a\u0144skich22-115-300x199.jpg' data-src='https:\/\/parafiasmardzewo.pl\/wp-content\/uploads\/2016\/10\/15_niedziela-powo\u0142a\u0144-kap\u0142a\u0144skich22-115-1024x680.jpg'>\n\t\t\t\t<div class='overlay_easy'><\/div>\n\t\t\t\t<div class='easy_icon_holder'>\n\t\t\t\t\t<span class='icon icon-awesome-plus'><\/span>\n\t\t\t\t<\/div>\n\t\t\t\t<a href='https:\/\/parafiasmardzewo.pl\/?attachment_id=2152'><img width=\"150\" height=\"150\" src=\"https:\/\/parafiasmardzewo.pl\/wp-content\/uploads\/2016\/10\/15_niedziela-powo\u0142a\u0144-kap\u0142a\u0144skich22-115-150x150.jpg\" class=\"attachment-thumbnail size-thumbnail\" alt=\"\" loading=\"lazy\" \/><\/a>\n\t\t\t<\/li>\n\t\t\t<li data-title='15_niedziela-powo\u0142a\u0144-kap\u0142a\u0144skich22 (22)' data-desc='' data-responsive-src='https:\/\/parafiasmardzewo.pl\/wp-content\/uploads\/2016\/10\/15_niedziela-powo\u0142a\u0144-kap\u0142a\u0144skich22-223-300x199.jpg' data-src='https:\/\/parafiasmardzewo.pl\/wp-content\/uploads\/2016\/10\/15_niedziela-powo\u0142a\u0144-kap\u0142a\u0144skich22-223-1024x680.jpg'>\n\t\t\t\t<div class='overlay_easy'><\/div>\n\t\t\t\t<div class='easy_icon_holder'>\n\t\t\t\t\t<span class='icon icon-awesome-plus'><\/span>\n\t\t\t\t<\/div>\n\t\t\t\t<a href='https:\/\/parafiasmardzewo.pl\/?attachment_id=2151'><img width=\"150\" height=\"150\" src=\"https:\/\/parafiasmardzewo.pl\/wp-content\/uploads\/2016\/10\/15_niedziela-powo\u0142a\u0144-kap\u0142a\u0144skich22-223-150x150.jpg\" class=\"attachment-thumbnail size-thumbnail\" alt=\"\" loading=\"lazy\" \/><\/a>\n\t\t\t<\/li>\n\t\t\t<li data-title='15_niedziela-powo\u0142a\u0144-kap\u0142a\u0144skich22 (21)' data-desc='' data-responsive-src='https:\/\/parafiasmardzewo.pl\/wp-content\/uploads\/2016\/10\/15_niedziela-powo\u0142a\u0144-kap\u0142a\u0144skich22-213-300x199.jpg' data-src='https:\/\/parafiasmardzewo.pl\/wp-content\/uploads\/2016\/10\/15_niedziela-powo\u0142a\u0144-kap\u0142a\u0144skich22-213-1024x680.jpg'>\n\t\t\t\t<div class='overlay_easy'><\/div>\n\t\t\t\t<div class='easy_icon_holder'>\n\t\t\t\t\t<span class='icon icon-awesome-plus'><\/span>\n\t\t\t\t<\/div>\n\t\t\t\t<a href='https:\/\/parafiasmardzewo.pl\/?attachment_id=2150'><img width=\"150\" height=\"150\" src=\"https:\/\/parafiasmardzewo.pl\/wp-content\/uploads\/2016\/10\/15_niedziela-powo\u0142a\u0144-kap\u0142a\u0144skich22-213-150x150.jpg\" class=\"attachment-thumbnail size-thumbnail\" alt=\"\" loading=\"lazy\" \/><\/a>\n\t\t\t<\/li>\n\t\t\t<li data-title='15_niedziela-powo\u0142a\u0144-kap\u0142a\u0144skich22 (20)' data-desc='' data-responsive-src='https:\/\/parafiasmardzewo.pl\/wp-content\/uploads\/2016\/10\/15_niedziela-powo\u0142a\u0144-kap\u0142a\u0144skich22-203-199x300.jpg' data-src='https:\/\/parafiasmardzewo.pl\/wp-content\/uploads\/2016\/10\/15_niedziela-powo\u0142a\u0144-kap\u0142a\u0144skich22-203-680x1024.jpg'>\n\t\t\t\t<div class='overlay_easy'><\/div>\n\t\t\t\t<div class='easy_icon_holder'>\n\t\t\t\t\t<span class='icon icon-awesome-plus'><\/span>\n\t\t\t\t<\/div>\n\t\t\t\t<a href='https:\/\/parafiasmardzewo.pl\/?attachment_id=2149'><img width=\"150\" height=\"150\" src=\"https:\/\/parafiasmardzewo.pl\/wp-content\/uploads\/2016\/10\/15_niedziela-powo\u0142a\u0144-kap\u0142a\u0144skich22-203-150x150.jpg\" class=\"attachment-thumbnail size-thumbnail\" alt=\"\" loading=\"lazy\" \/><\/a>\n\t\t\t<\/li>\n\t\t\t<li data-title='15_niedziela-powo\u0142a\u0144-kap\u0142a\u0144skich22 (19)' data-desc='' data-responsive-src='https:\/\/parafiasmardzewo.pl\/wp-content\/uploads\/2016\/10\/15_niedziela-powo\u0142a\u0144-kap\u0142a\u0144skich22-193-199x300.jpg' data-src='https:\/\/parafiasmardzewo.pl\/wp-content\/uploads\/2016\/10\/15_niedziela-powo\u0142a\u0144-kap\u0142a\u0144skich22-193-680x1024.jpg'>\n\t\t\t\t<div class='overlay_easy'><\/div>\n\t\t\t\t<div class='easy_icon_holder'>\n\t\t\t\t\t<span class='icon icon-awesome-plus'><\/span>\n\t\t\t\t<\/div>\n\t\t\t\t<a href='https:\/\/parafiasmardzewo.pl\/?attachment_id=2148'><img width=\"150\" height=\"150\" src=\"https:\/\/parafiasmardzewo.pl\/wp-content\/uploads\/2016\/10\/15_niedziela-powo\u0142a\u0144-kap\u0142a\u0144skich22-193-150x150.jpg\" class=\"attachment-thumbnail size-thumbnail\" alt=\"\" loading=\"lazy\" \/><\/a>\n\t\t\t<\/li>\n\t\t\t<li data-title='15_niedziela-powo\u0142a\u0144-kap\u0142a\u0144skich22 (18)' data-desc='' data-responsive-src='https:\/\/parafiasmardzewo.pl\/wp-content\/uploads\/2016\/10\/15_niedziela-powo\u0142a\u0144-kap\u0142a\u0144skich22-183-300x199.jpg' data-src='https:\/\/parafiasmardzewo.pl\/wp-content\/uploads\/2016\/10\/15_niedziela-powo\u0142a\u0144-kap\u0142a\u0144skich22-183-1024x680.jpg'>\n\t\t\t\t<div class='overlay_easy'><\/div>\n\t\t\t\t<div class='easy_icon_holder'>\n\t\t\t\t\t<span class='icon icon-awesome-plus'><\/span>\n\t\t\t\t<\/div>\n\t\t\t\t<a href='https:\/\/parafiasmardzewo.pl\/?attachment_id=2147'><img width=\"150\" height=\"150\" src=\"https:\/\/parafiasmardzewo.pl\/wp-content\/uploads\/2016\/10\/15_niedziela-powo\u0142a\u0144-kap\u0142a\u0144skich22-183-150x150.jpg\" class=\"attachment-thumbnail size-thumbnail\" alt=\"\" loading=\"lazy\" \/><\/a>\n\t\t\t<\/li>\n\t\t\t<li data-title='15_niedziela-powo\u0142a\u0144-kap\u0142a\u0144skich22 (17)' data-desc='' data-responsive-src='https:\/\/parafiasmardzewo.pl\/wp-content\/uploads\/2016\/10\/15_niedziela-powo\u0142a\u0144-kap\u0142a\u0144skich22-173-300x199.jpg' data-src='https:\/\/parafiasmardzewo.pl\/wp-content\/uploads\/2016\/10\/15_niedziela-powo\u0142a\u0144-kap\u0142a\u0144skich22-173-1024x680.jpg'>\n\t\t\t\t<div class='overlay_easy'><\/div>\n\t\t\t\t<div class='easy_icon_holder'>\n\t\t\t\t\t<span class='icon icon-awesome-plus'><\/span>\n\t\t\t\t<\/div>\n\t\t\t\t<a href='https:\/\/parafiasmardzewo.pl\/?attachment_id=2146'><img width=\"150\" height=\"150\" src=\"https:\/\/parafiasmardzewo.pl\/wp-content\/uploads\/2016\/10\/15_niedziela-powo\u0142a\u0144-kap\u0142a\u0144skich22-173-150x150.jpg\" class=\"attachment-thumbnail size-thumbnail\" alt=\"\" loading=\"lazy\" \/><\/a>\n\t\t\t<\/li>\n\t\t\t<li data-title='15_niedziela-powo\u0142a\u0144-kap\u0142a\u0144skich22 (16)' data-desc='' data-responsive-src='https:\/\/parafiasmardzewo.pl\/wp-content\/uploads\/2016\/10\/15_niedziela-powo\u0142a\u0144-kap\u0142a\u0144skich22-163-300x199.jpg' data-src='https:\/\/parafiasmardzewo.pl\/wp-content\/uploads\/2016\/10\/15_niedziela-powo\u0142a\u0144-kap\u0142a\u0144skich22-163-1024x680.jpg'>\n\t\t\t\t<div class='overlay_easy'><\/div>\n\t\t\t\t<div class='easy_icon_holder'>\n\t\t\t\t\t<span class='icon icon-awesome-plus'><\/span>\n\t\t\t\t<\/div>\n\t\t\t\t<a href='https:\/\/parafiasmardzewo.pl\/?attachment_id=2145'><img width=\"150\" height=\"150\" src=\"https:\/\/parafiasmardzewo.pl\/wp-content\/uploads\/2016\/10\/15_niedziela-powo\u0142a\u0144-kap\u0142a\u0144skich22-163-150x150.jpg\" class=\"attachment-thumbnail size-thumbnail\" alt=\"\" loading=\"lazy\" \/><\/a>\n\t\t\t<\/li>\n\t\t\t<li data-title='15_niedziela-powo\u0142a\u0144-kap\u0142a\u0144skich22 (15)' data-desc='' data-responsive-src='https:\/\/parafiasmardzewo.pl\/wp-content\/uploads\/2016\/10\/15_niedziela-powo\u0142a\u0144-kap\u0142a\u0144skich22-153-300x199.jpg' data-src='https:\/\/parafiasmardzewo.pl\/wp-content\/uploads\/2016\/10\/15_niedziela-powo\u0142a\u0144-kap\u0142a\u0144skich22-153-1024x680.jpg'>\n\t\t\t\t<div class='overlay_easy'><\/div>\n\t\t\t\t<div class='easy_icon_holder'>\n\t\t\t\t\t<span class='icon icon-awesome-plus'><\/span>\n\t\t\t\t<\/div>\n\t\t\t\t<a href='https:\/\/parafiasmardzewo.pl\/?attachment_id=2144'><img width=\"150\" height=\"150\" src=\"https:\/\/parafiasmardzewo.pl\/wp-content\/uploads\/2016\/10\/15_niedziela-powo\u0142a\u0144-kap\u0142a\u0144skich22-153-150x150.jpg\" class=\"attachment-thumbnail size-thumbnail\" alt=\"\" loading=\"lazy\" \/><\/a>\n\t\t\t<\/li>\n\t\t\t<li data-title='15_niedziela-powo\u0142a\u0144-kap\u0142a\u0144skich22 (14)' data-desc='' data-responsive-src='https:\/\/parafiasmardzewo.pl\/wp-content\/uploads\/2016\/10\/15_niedziela-powo\u0142a\u0144-kap\u0142a\u0144skich22-143-300x199.jpg' data-src='https:\/\/parafiasmardzewo.pl\/wp-content\/uploads\/2016\/10\/15_niedziela-powo\u0142a\u0144-kap\u0142a\u0144skich22-143-1024x680.jpg'>\n\t\t\t\t<div class='overlay_easy'><\/div>\n\t\t\t\t<div class='easy_icon_holder'>\n\t\t\t\t\t<span class='icon icon-awesome-plus'><\/span>\n\t\t\t\t<\/div>\n\t\t\t\t<a href='https:\/\/parafiasmardzewo.pl\/?attachment_id=2143'><img width=\"150\" height=\"150\" src=\"https:\/\/parafiasmardzewo.pl\/wp-content\/uploads\/2016\/10\/15_niedziela-powo\u0142a\u0144-kap\u0142a\u0144skich22-143-150x150.jpg\" class=\"attachment-thumbnail size-thumbnail\" alt=\"\" loading=\"lazy\" \/><\/a>\n\t\t\t<\/li>\n\t\t\t<li data-title='15_niedziela-powo\u0142a\u0144-kap\u0142a\u0144skich22 (13)' data-desc='' data-responsive-src='https:\/\/parafiasmardzewo.pl\/wp-content\/uploads\/2016\/10\/15_niedziela-powo\u0142a\u0144-kap\u0142a\u0144skich22-133-300x199.jpg' data-src='https:\/\/parafiasmardzewo.pl\/wp-content\/uploads\/2016\/10\/15_niedziela-powo\u0142a\u0144-kap\u0142a\u0144skich22-133-1024x680.jpg'>\n\t\t\t\t<div class='overlay_easy'><\/div>\n\t\t\t\t<div class='easy_icon_holder'>\n\t\t\t\t\t<span class='icon icon-awesome-plus'><\/span>\n\t\t\t\t<\/div>\n\t\t\t\t<a href='https:\/\/parafiasmardzewo.pl\/?attachment_id=2142'><img width=\"150\" height=\"150\" src=\"https:\/\/parafiasmardzewo.pl\/wp-content\/uploads\/2016\/10\/15_niedziela-powo\u0142a\u0144-kap\u0142a\u0144skich22-133-150x150.jpg\" class=\"attachment-thumbnail size-thumbnail\" alt=\"\" loading=\"lazy\" \/><\/a>\n\t\t\t<\/li>\n\t\t\t<li data-title='15_niedziela-powo\u0142a\u0144-kap\u0142a\u0144skich22 (12)' data-desc='' data-responsive-src='https:\/\/parafiasmardzewo.pl\/wp-content\/uploads\/2016\/10\/15_niedziela-powo\u0142a\u0144-kap\u0142a\u0144skich22-123-300x199.jpg' data-src='https:\/\/parafiasmardzewo.pl\/wp-content\/uploads\/2016\/10\/15_niedziela-powo\u0142a\u0144-kap\u0142a\u0144skich22-123-1024x680.jpg'>\n\t\t\t\t<div class='overlay_easy'><\/div>\n\t\t\t\t<div class='easy_icon_holder'>\n\t\t\t\t\t<span class='icon icon-awesome-plus'><\/span>\n\t\t\t\t<\/div>\n\t\t\t\t<a href='https:\/\/parafiasmardzewo.pl\/?attachment_id=2141'><img width=\"150\" height=\"150\" src=\"https:\/\/parafiasmardzewo.pl\/wp-content\/uploads\/2016\/10\/15_niedziela-powo\u0142a\u0144-kap\u0142a\u0144skich22-123-150x150.jpg\" class=\"attachment-thumbnail size-thumbnail\" alt=\"\" loading=\"lazy\" \/><\/a>\n\t\t\t<\/li>\n\t\t\t<li data-title='15_niedziela-powo\u0142a\u0144-kap\u0142a\u0144skich22 (11)' data-desc='' data-responsive-src='https:\/\/parafiasmardzewo.pl\/wp-content\/uploads\/2016\/10\/15_niedziela-powo\u0142a\u0144-kap\u0142a\u0144skich22-114-300x199.jpg' data-src='https:\/\/parafiasmardzewo.pl\/wp-content\/uploads\/2016\/10\/15_niedziela-powo\u0142a\u0144-kap\u0142a\u0144skich22-114-1024x680.jpg'>\n\t\t\t\t<div class='overlay_easy'><\/div>\n\t\t\t\t<div class='easy_icon_holder'>\n\t\t\t\t\t<span class='icon icon-awesome-plus'><\/span>\n\t\t\t\t<\/div>\n\t\t\t\t<a href='https:\/\/parafiasmardzewo.pl\/?attachment_id=2140'><img width=\"150\" height=\"150\" src=\"https:\/\/parafiasmardzewo.pl\/wp-content\/uploads\/2016\/10\/15_niedziela-powo\u0142a\u0144-kap\u0142a\u0144skich22-114-150x150.jpg\" class=\"attachment-thumbnail size-thumbnail\" alt=\"\" loading=\"lazy\" \/><\/a>\n\t\t\t<\/li>\n\t\t\t<li data-title='15_niedziela-powo\u0142a\u0144-kap\u0142a\u0144skich22 (10)' data-desc='' data-responsive-src='https:\/\/parafiasmardzewo.pl\/wp-content\/uploads\/2016\/10\/15_niedziela-powo\u0142a\u0144-kap\u0142a\u0144skich22-103-300x199.jpg' data-src='https:\/\/parafiasmardzewo.pl\/wp-content\/uploads\/2016\/10\/15_niedziela-powo\u0142a\u0144-kap\u0142a\u0144skich22-103-1024x680.jpg'>\n\t\t\t\t<div class='overlay_easy'><\/div>\n\t\t\t\t<div class='easy_icon_holder'>\n\t\t\t\t\t<span class='icon icon-awesome-plus'><\/span>\n\t\t\t\t<\/div>\n\t\t\t\t<a href='https:\/\/parafiasmardzewo.pl\/?attachment_id=2139'><img width=\"150\" height=\"150\" src=\"https:\/\/parafiasmardzewo.pl\/wp-content\/uploads\/2016\/10\/15_niedziela-powo\u0142a\u0144-kap\u0142a\u0144skich22-103-150x150.jpg\" class=\"attachment-thumbnail size-thumbnail\" alt=\"\" loading=\"lazy\" \/><\/a>\n\t\t\t<\/li>\n\t\t\t<li data-title='15_niedziela-powo\u0142a\u0144-kap\u0142a\u0144skich22 (9)' data-desc='' data-responsive-src='https:\/\/parafiasmardzewo.pl\/wp-content\/uploads\/2016\/10\/15_niedziela-powo\u0142a\u0144-kap\u0142a\u0144skich22-93-300x199.jpg' data-src='https:\/\/parafiasmardzewo.pl\/wp-content\/uploads\/2016\/10\/15_niedziela-powo\u0142a\u0144-kap\u0142a\u0144skich22-93-1024x680.jpg'>\n\t\t\t\t<div class='overlay_easy'><\/div>\n\t\t\t\t<div class='easy_icon_holder'>\n\t\t\t\t\t<span class='icon icon-awesome-plus'><\/span>\n\t\t\t\t<\/div>\n\t\t\t\t<a href='https:\/\/parafiasmardzewo.pl\/?attachment_id=2138'><img width=\"150\" height=\"150\" src=\"https:\/\/parafiasmardzewo.pl\/wp-content\/uploads\/2016\/10\/15_niedziela-powo\u0142a\u0144-kap\u0142a\u0144skich22-93-150x150.jpg\" class=\"attachment-thumbnail size-thumbnail\" alt=\"\" loading=\"lazy\" \/><\/a>\n\t\t\t<\/li>\n\t\t\t<li data-title='15_niedziela-powo\u0142a\u0144-kap\u0142a\u0144skich22 (8)' data-desc='' data-responsive-src='https:\/\/parafiasmardzewo.pl\/wp-content\/uploads\/2016\/10\/15_niedziela-powo\u0142a\u0144-kap\u0142a\u0144skich22-83-300x199.jpg' data-src='https:\/\/parafiasmardzewo.pl\/wp-content\/uploads\/2016\/10\/15_niedziela-powo\u0142a\u0144-kap\u0142a\u0144skich22-83-1024x680.jpg'>\n\t\t\t\t<div class='overlay_easy'><\/div>\n\t\t\t\t<div class='easy_icon_holder'>\n\t\t\t\t\t<span class='icon icon-awesome-plus'><\/span>\n\t\t\t\t<\/div>\n\t\t\t\t<a href='https:\/\/parafiasmardzewo.pl\/?attachment_id=2137'><img width=\"150\" height=\"150\" src=\"https:\/\/parafiasmardzewo.pl\/wp-content\/uploads\/2016\/10\/15_niedziela-powo\u0142a\u0144-kap\u0142a\u0144skich22-83-150x150.jpg\" class=\"attachment-thumbnail size-thumbnail\" alt=\"\" loading=\"lazy\" \/><\/a>\n\t\t\t<\/li>\n\t\t\t<li data-title='15_niedziela-powo\u0142a\u0144-kap\u0142a\u0144skich22 (7)' data-desc='' data-responsive-src='https:\/\/parafiasmardzewo.pl\/wp-content\/uploads\/2016\/10\/15_niedziela-powo\u0142a\u0144-kap\u0142a\u0144skich22-73-300x199.jpg' data-src='https:\/\/parafiasmardzewo.pl\/wp-content\/uploads\/2016\/10\/15_niedziela-powo\u0142a\u0144-kap\u0142a\u0144skich22-73-1024x680.jpg'>\n\t\t\t\t<div class='overlay_easy'><\/div>\n\t\t\t\t<div class='easy_icon_holder'>\n\t\t\t\t\t<span class='icon icon-awesome-plus'><\/span>\n\t\t\t\t<\/div>\n\t\t\t\t<a href='https:\/\/parafiasmardzewo.pl\/?attachment_id=2136'><img width=\"150\" height=\"150\" src=\"https:\/\/parafiasmardzewo.pl\/wp-content\/uploads\/2016\/10\/15_niedziela-powo\u0142a\u0144-kap\u0142a\u0144skich22-73-150x150.jpg\" class=\"attachment-thumbnail size-thumbnail\" alt=\"\" loading=\"lazy\" \/><\/a>\n\t\t\t<\/li>\n\t\t\t<li data-title='15_niedziela-powo\u0142a\u0144-kap\u0142a\u0144skich22 (6)' data-desc='' data-responsive-src='https:\/\/parafiasmardzewo.pl\/wp-content\/uploads\/2016\/10\/15_niedziela-powo\u0142a\u0144-kap\u0142a\u0144skich22-63-300x199.jpg' data-src='https:\/\/parafiasmardzewo.pl\/wp-content\/uploads\/2016\/10\/15_niedziela-powo\u0142a\u0144-kap\u0142a\u0144skich22-63-1024x680.jpg'>\n\t\t\t\t<div class='overlay_easy'><\/div>\n\t\t\t\t<div class='easy_icon_holder'>\n\t\t\t\t\t<span class='icon icon-awesome-plus'><\/span>\n\t\t\t\t<\/div>\n\t\t\t\t<a href='https:\/\/parafiasmardzewo.pl\/?attachment_id=2135'><img width=\"150\" height=\"150\" src=\"https:\/\/parafiasmardzewo.pl\/wp-content\/uploads\/2016\/10\/15_niedziela-powo\u0142a\u0144-kap\u0142a\u0144skich22-63-150x150.jpg\" class=\"attachment-thumbnail size-thumbnail\" alt=\"\" loading=\"lazy\" \/><\/a>\n\t\t\t<\/li>\n\t\t\t<li data-title='15_niedziela-powo\u0142a\u0144-kap\u0142a\u0144skich22 (5)' data-desc='' data-responsive-src='https:\/\/parafiasmardzewo.pl\/wp-content\/uploads\/2016\/10\/15_niedziela-powo\u0142a\u0144-kap\u0142a\u0144skich22-53-300x199.jpg' data-src='https:\/\/parafiasmardzewo.pl\/wp-content\/uploads\/2016\/10\/15_niedziela-powo\u0142a\u0144-kap\u0142a\u0144skich22-53-1024x680.jpg'>\n\t\t\t\t<div class='overlay_easy'><\/div>\n\t\t\t\t<div class='easy_icon_holder'>\n\t\t\t\t\t<span class='icon icon-awesome-plus'><\/span>\n\t\t\t\t<\/div>\n\t\t\t\t<a href='https:\/\/parafiasmardzewo.pl\/?attachment_id=2134'><img width=\"150\" height=\"150\" src=\"https:\/\/parafiasmardzewo.pl\/wp-content\/uploads\/2016\/10\/15_niedziela-powo\u0142a\u0144-kap\u0142a\u0144skich22-53-150x150.jpg\" class=\"attachment-thumbnail size-thumbnail\" alt=\"\" loading=\"lazy\" \/><\/a>\n\t\t\t<\/li>\n\t\t\t<li data-title='15_niedziela-powo\u0142a\u0144-kap\u0142a\u0144skich22 (4)' data-desc='' data-responsive-src='https:\/\/parafiasmardzewo.pl\/wp-content\/uploads\/2016\/10\/15_niedziela-powo\u0142a\u0144-kap\u0142a\u0144skich22-43-300x199.jpg' data-src='https:\/\/parafiasmardzewo.pl\/wp-content\/uploads\/2016\/10\/15_niedziela-powo\u0142a\u0144-kap\u0142a\u0144skich22-43-1024x680.jpg'>\n\t\t\t\t<div class='overlay_easy'><\/div>\n\t\t\t\t<div class='easy_icon_holder'>\n\t\t\t\t\t<span class='icon icon-awesome-plus'><\/span>\n\t\t\t\t<\/div>\n\t\t\t\t<a href='https:\/\/parafiasmardzewo.pl\/?attachment_id=2133'><img width=\"150\" height=\"150\" src=\"https:\/\/parafiasmardzewo.pl\/wp-content\/uploads\/2016\/10\/15_niedziela-powo\u0142a\u0144-kap\u0142a\u0144skich22-43-150x150.jpg\" class=\"attachment-thumbnail size-thumbnail\" alt=\"\" loading=\"lazy\" \/><\/a>\n\t\t\t<\/li>\n\t\t<\/ul>\n\n","protected":false},"excerpt":{"rendered":"","protected":false},"author":1,"featured_media":2149,"parent":1062,"menu_order":2,"comment_status":"closed","ping_status":"open","template":"","meta":[],"_links":{"self":[{"href":"https:\/\/parafiasmardzewo.pl\/index.php?rest_route=\/wp\/v2\/pages\/1144"}],"collection":[{"href":"https:\/\/parafiasmardzewo.pl\/index.php?rest_route=\/wp\/v2\/pages"}],"about":[{"href":"https:\/\/parafiasmardzewo.pl\/index.php?rest_route=\/wp\/v2\/types\/page"}],"author":[{"embeddable":true,"href":"https:\/\/parafiasmardzewo.pl\/index.php?rest_route=\/wp\/v2\/users\/1"}],"replies":[{"embeddable":true,"href":"https:\/\/parafiasmardzewo.pl\/index.php?rest_route=%2Fwp%2Fv2%2Fcomments&post=1144"}],"version-history":[{"count":3,"href":"https:\/\/parafiasmardzewo.pl\/index.php?rest_route=\/wp\/v2\/pages\/1144\/revisions"}],"predecessor-version":[{"id":2869,"href":"https:\/\/parafiasmardzewo.pl\/index.php?rest_route=\/wp\/v2\/pages\/1144\/revisions\/2869"}],"up":[{"embeddable":true,"href":"https:\/\/parafiasmardzewo.pl\/index.php?rest_route=\/wp\/v2\/pages\/1062"}],"wp:featuredmedia":[{"embeddable":true,"href":"https:\/\/parafiasmardzewo.pl\/index.php?rest_route=\/wp\/v2\/media\/2149"}],"wp:attachment":[{"href":"https:\/\/parafiasmardzewo.pl\/index.php?rest_route=%2Fwp%2Fv2%2Fmedia&parent=1144"}],"curies":[{"name":"wp","href":"https:\/\/api.w.org\/{rel}","templated":true}]}}