{"id":120,"date":"2016-02-07T09:49:01","date_gmt":"2016-02-07T09:49:01","guid":{"rendered":"http:\/\/parafiasmardzewo.pl\/?page_id=120"},"modified":"2016-11-08T23:49:25","modified_gmt":"2016-11-08T22:49:25","slug":"kontakt","status":"publish","type":"page","link":"https:\/\/parafiasmardzewo.pl\/?page_id=120","title":{"rendered":"Kontakt"},"content":{"rendered":"<h3 style=\"text-align: center;\"><strong>Rzymskokatolicka Parafia p. w. \u015bw . Stanis\u0142awa Kostki<\/strong><\/h3>\n<h3><img loading=\"lazy\" class=\"alignleft  wp-image-228\" src=\"http:\/\/parafiasmardzewo.pl\/wp-content\/uploads\/2016\/02\/kontakt-150x150.jpg\" alt=\"kontakt\" width=\"174\" height=\"174\" \/>Smardzewo 67, 09-110 Sochocin;<\/h3>\n<h3>NIP: 567-190-38-61;<\/h3>\n<h3>Regon: 040068946;<\/h3>\n<h3>kom.: 605-684-622<\/h3>\n<h3>e-mail: henryk.dym@op.pl<\/h3>\n<h3>Gdyby kto\u015b chcia\u0142 wspom\u00f3c niewielk\u0105 wsp\u00f3lnot\u0119 parafialn\u0105, to mo\u017ce to uczyni\u0107 wp\u0142acaj\u0105c ofiar\u0119 na konto:<\/h3>\n<h3>Bank sp\u00f3\u0142dzielczy w P\u0142o\u0144sku<strong> 58 8230 0007 0022 0251 2003 0001<\/strong><\/h3>\n<p>&nbsp;<\/p>\n<div class=\"shortcode_view\"><\/div>\n<p>&nbsp;<\/p>\n","protected":false},"excerpt":{"rendered":"<p>Rzymskokatolicka Parafia p. w. \u015bw . Stanis\u0142awa Kostki Smardzewo 67, 09-110 Sochocin; NIP: 567-190-38-61; Regon: 040068946; kom.: 605-684-622 e-mail: henryk.dym@op.pl Gdyby kto\u015b chcia\u0142 wspom\u00f3c niewielk\u0105 wsp\u00f3lnot\u0119 parafialn\u0105, to mo\u017ce to uczyni\u0107 wp\u0142acaj\u0105c ofiar\u0119 na konto: Bank sp\u00f3\u0142dzielczy w P\u0142o\u0144sku 58 8230 0007 0022 0251 2003 0001 &nbsp; &nbsp;<\/p>\n","protected":false},"author":1,"featured_media":0,"parent":0,"menu_order":0,"comment_status":"open","ping_status":"open","template":"","meta":[],"_links":{"self":[{"href":"https:\/\/parafiasmardzewo.pl\/index.php?rest_route=\/wp\/v2\/pages\/120"}],"collection":[{"href":"https:\/\/parafiasmardzewo.pl\/index.php?rest_route=\/wp\/v2\/pages"}],"about":[{"href":"https:\/\/parafiasmardzewo.pl\/index.php?rest_route=\/wp\/v2\/types\/page"}],"author":[{"embeddable":true,"href":"https:\/\/parafiasmardzewo.pl\/index.php?rest_route=\/wp\/v2\/users\/1"}],"replies":[{"embeddable":true,"href":"https:\/\/parafiasmardzewo.pl\/index.php?rest_route=%2Fwp%2Fv2%2Fcomments&post=120"}],"version-history":[{"count":4,"href":"https:\/\/parafiasmardzewo.pl\/index.php?rest_route=\/wp\/v2\/pages\/120\/revisions"}],"predecessor-version":[{"id":2893,"href":"https:\/\/parafiasmardzewo.pl\/index.php?rest_route=\/wp\/v2\/pages\/120\/revisions\/2893"}],"wp:attachment":[{"href":"https:\/\/parafiasmardzewo.pl\/index.php?rest_route=%2Fwp%2Fv2%2Fmedia&parent=120"}],"curies":[{"name":"wp","href":"https:\/\/api.w.org\/{rel}","templated":true}]}}