{"id":1324,"date":"2016-10-26T17:29:50","date_gmt":"2016-10-26T17:29:50","guid":{"rendered":"http:\/\/parafiasmardzewo.pl\/?page_id=1324"},"modified":"2016-11-08T23:20:54","modified_gmt":"2016-11-08T22:20:54","slug":"xxxii-warminska-pielgrzymka4-08","status":"publish","type":"page","link":"https:\/\/parafiasmardzewo.pl\/?page_id=1324","title":{"rendered":"XXXII Warmi\u0144ska Pielgrzymka Piesza na Jasn\u0105 G\u00f3r\u0119 (4 VIII)"},"content":{"rendered":"\n\t\n\n\t\n    <script type='text\/javascript'>\n    jQuery(document).ready(function() {\n\t\tjQuery('#lightGallery0').lightGallery({\n\t\t\tdesc        : true,\n\t\t\tcaption     : true,\n\t\t\tmode   : 'slide'\n\t\t});\n    });\n    <\/script>\n\t\n\t<ul id='lightGallery0' class='easy_gallery_wp'>\n\t\t\t<li data-title='15_pielgrzymka51 (Copy) (5)' data-desc='' data-responsive-src='https:\/\/parafiasmardzewo.pl\/wp-content\/uploads\/2016\/10\/15_pielgrzymka51-Copy-53-300x199.jpg' data-src='https:\/\/parafiasmardzewo.pl\/wp-content\/uploads\/2016\/10\/15_pielgrzymka51-Copy-53-1024x680.jpg'>\n\t\t\t\t<div class='overlay_easy'><\/div>\n\t\t\t\t<div class='easy_icon_holder'>\n\t\t\t\t\t<span class='icon icon-awesome-plus'><\/span>\n\t\t\t\t<\/div>\n\t\t\t\t<a href='https:\/\/parafiasmardzewo.pl\/?attachment_id=2314'><img width=\"150\" height=\"150\" src=\"https:\/\/parafiasmardzewo.pl\/wp-content\/uploads\/2016\/10\/15_pielgrzymka51-Copy-53-150x150.jpg\" class=\"attachment-thumbnail size-thumbnail\" alt=\"\" loading=\"lazy\" \/><\/a>\n\t\t\t<\/li>\n\t\t\t<li data-title='15_pielgrzymka51 (Copy) (4)' data-desc='' data-responsive-src='https:\/\/parafiasmardzewo.pl\/wp-content\/uploads\/2016\/10\/15_pielgrzymka51-Copy-43-300x199.jpg' data-src='https:\/\/parafiasmardzewo.pl\/wp-content\/uploads\/2016\/10\/15_pielgrzymka51-Copy-43-1024x680.jpg'>\n\t\t\t\t<div class='overlay_easy'><\/div>\n\t\t\t\t<div class='easy_icon_holder'>\n\t\t\t\t\t<span class='icon icon-awesome-plus'><\/span>\n\t\t\t\t<\/div>\n\t\t\t\t<a href='https:\/\/parafiasmardzewo.pl\/?attachment_id=2313'><img width=\"150\" height=\"150\" src=\"https:\/\/parafiasmardzewo.pl\/wp-content\/uploads\/2016\/10\/15_pielgrzymka51-Copy-43-150x150.jpg\" class=\"attachment-thumbnail size-thumbnail\" alt=\"\" loading=\"lazy\" \/><\/a>\n\t\t\t<\/li>\n\t\t\t<li data-title='15_pielgrzymka51 (Copy) (3)' data-desc='' data-responsive-src='https:\/\/parafiasmardzewo.pl\/wp-content\/uploads\/2016\/10\/15_pielgrzymka51-Copy-33-300x199.jpg' data-src='https:\/\/parafiasmardzewo.pl\/wp-content\/uploads\/2016\/10\/15_pielgrzymka51-Copy-33-1024x680.jpg'>\n\t\t\t\t<div class='overlay_easy'><\/div>\n\t\t\t\t<div class='easy_icon_holder'>\n\t\t\t\t\t<span class='icon icon-awesome-plus'><\/span>\n\t\t\t\t<\/div>\n\t\t\t\t<a href='https:\/\/parafiasmardzewo.pl\/?attachment_id=2312'><img width=\"150\" height=\"150\" src=\"https:\/\/parafiasmardzewo.pl\/wp-content\/uploads\/2016\/10\/15_pielgrzymka51-Copy-33-150x150.jpg\" class=\"attachment-thumbnail size-thumbnail\" alt=\"\" loading=\"lazy\" \/><\/a>\n\t\t\t<\/li>\n\t\t\t<li data-title='15_pielgrzymka51 (Copy) (2)' data-desc='' data-responsive-src='https:\/\/parafiasmardzewo.pl\/wp-content\/uploads\/2016\/10\/15_pielgrzymka51-Copy-23-300x199.jpg' data-src='https:\/\/parafiasmardzewo.pl\/wp-content\/uploads\/2016\/10\/15_pielgrzymka51-Copy-23-1024x680.jpg'>\n\t\t\t\t<div class='overlay_easy'><\/div>\n\t\t\t\t<div class='easy_icon_holder'>\n\t\t\t\t\t<span class='icon icon-awesome-plus'><\/span>\n\t\t\t\t<\/div>\n\t\t\t\t<a href='https:\/\/parafiasmardzewo.pl\/?attachment_id=2311'><img width=\"150\" height=\"150\" src=\"https:\/\/parafiasmardzewo.pl\/wp-content\/uploads\/2016\/10\/15_pielgrzymka51-Copy-23-150x150.jpg\" class=\"attachment-thumbnail size-thumbnail\" alt=\"\" loading=\"lazy\" \/><\/a>\n\t\t\t<\/li>\n\t\t\t<li data-title='15_pielgrzymka51 (Copy) (1)' data-desc='' data-responsive-src='https:\/\/parafiasmardzewo.pl\/wp-content\/uploads\/2016\/10\/15_pielgrzymka51-Copy-110-300x199.jpg' data-src='https:\/\/parafiasmardzewo.pl\/wp-content\/uploads\/2016\/10\/15_pielgrzymka51-Copy-110-1024x680.jpg'>\n\t\t\t\t<div class='overlay_easy'><\/div>\n\t\t\t\t<div class='easy_icon_holder'>\n\t\t\t\t\t<span class='icon icon-awesome-plus'><\/span>\n\t\t\t\t<\/div>\n\t\t\t\t<a href='https:\/\/parafiasmardzewo.pl\/?attachment_id=2310'><img width=\"150\" height=\"150\" src=\"https:\/\/parafiasmardzewo.pl\/wp-content\/uploads\/2016\/10\/15_pielgrzymka51-Copy-110-150x150.jpg\" class=\"attachment-thumbnail size-thumbnail\" alt=\"\" loading=\"lazy\" \/><\/a>\n\t\t\t<\/li>\n\t\t\t<li data-title='15_pielgrzymka51 (Copy) (17)' data-desc='' data-responsive-src='https:\/\/parafiasmardzewo.pl\/wp-content\/uploads\/2016\/10\/15_pielgrzymka51-Copy-173-300x199.jpg' data-src='https:\/\/parafiasmardzewo.pl\/wp-content\/uploads\/2016\/10\/15_pielgrzymka51-Copy-173-1024x680.jpg'>\n\t\t\t\t<div class='overlay_easy'><\/div>\n\t\t\t\t<div class='easy_icon_holder'>\n\t\t\t\t\t<span class='icon icon-awesome-plus'><\/span>\n\t\t\t\t<\/div>\n\t\t\t\t<a href='https:\/\/parafiasmardzewo.pl\/?attachment_id=2309'><img width=\"150\" height=\"150\" src=\"https:\/\/parafiasmardzewo.pl\/wp-content\/uploads\/2016\/10\/15_pielgrzymka51-Copy-173-150x150.jpg\" class=\"attachment-thumbnail size-thumbnail\" alt=\"\" loading=\"lazy\" \/><\/a>\n\t\t\t<\/li>\n\t\t\t<li data-title='15_pielgrzymka51 (Copy) (16)' data-desc='' data-responsive-src='https:\/\/parafiasmardzewo.pl\/wp-content\/uploads\/2016\/10\/15_pielgrzymka51-Copy-163-199x300.jpg' data-src='https:\/\/parafiasmardzewo.pl\/wp-content\/uploads\/2016\/10\/15_pielgrzymka51-Copy-163-680x1024.jpg'>\n\t\t\t\t<div class='overlay_easy'><\/div>\n\t\t\t\t<div class='easy_icon_holder'>\n\t\t\t\t\t<span class='icon icon-awesome-plus'><\/span>\n\t\t\t\t<\/div>\n\t\t\t\t<a href='https:\/\/parafiasmardzewo.pl\/?attachment_id=2308'><img width=\"150\" height=\"150\" src=\"https:\/\/parafiasmardzewo.pl\/wp-content\/uploads\/2016\/10\/15_pielgrzymka51-Copy-163-150x150.jpg\" class=\"attachment-thumbnail size-thumbnail\" alt=\"\" loading=\"lazy\" \/><\/a>\n\t\t\t<\/li>\n\t\t\t<li data-title='15_pielgrzymka51 (Copy) (15)' data-desc='' data-responsive-src='https:\/\/parafiasmardzewo.pl\/wp-content\/uploads\/2016\/10\/15_pielgrzymka51-Copy-153-199x300.jpg' data-src='https:\/\/parafiasmardzewo.pl\/wp-content\/uploads\/2016\/10\/15_pielgrzymka51-Copy-153-680x1024.jpg'>\n\t\t\t\t<div class='overlay_easy'><\/div>\n\t\t\t\t<div class='easy_icon_holder'>\n\t\t\t\t\t<span class='icon icon-awesome-plus'><\/span>\n\t\t\t\t<\/div>\n\t\t\t\t<a href='https:\/\/parafiasmardzewo.pl\/?attachment_id=2307'><img width=\"150\" height=\"150\" src=\"https:\/\/parafiasmardzewo.pl\/wp-content\/uploads\/2016\/10\/15_pielgrzymka51-Copy-153-150x150.jpg\" class=\"attachment-thumbnail size-thumbnail\" alt=\"\" loading=\"lazy\" \/><\/a>\n\t\t\t<\/li>\n\t\t\t<li data-title='15_pielgrzymka51 (Copy) (14)' data-desc='' data-responsive-src='https:\/\/parafiasmardzewo.pl\/wp-content\/uploads\/2016\/10\/15_pielgrzymka51-Copy-143-300x199.jpg' data-src='https:\/\/parafiasmardzewo.pl\/wp-content\/uploads\/2016\/10\/15_pielgrzymka51-Copy-143-1024x680.jpg'>\n\t\t\t\t<div class='overlay_easy'><\/div>\n\t\t\t\t<div class='easy_icon_holder'>\n\t\t\t\t\t<span class='icon icon-awesome-plus'><\/span>\n\t\t\t\t<\/div>\n\t\t\t\t<a href='https:\/\/parafiasmardzewo.pl\/?attachment_id=2306'><img width=\"150\" height=\"150\" src=\"https:\/\/parafiasmardzewo.pl\/wp-content\/uploads\/2016\/10\/15_pielgrzymka51-Copy-143-150x150.jpg\" class=\"attachment-thumbnail size-thumbnail\" alt=\"\" loading=\"lazy\" \/><\/a>\n\t\t\t<\/li>\n\t\t\t<li data-title='15_pielgrzymka51 (Copy) (13)' data-desc='' data-responsive-src='https:\/\/parafiasmardzewo.pl\/wp-content\/uploads\/2016\/10\/15_pielgrzymka51-Copy-133-300x199.jpg' data-src='https:\/\/parafiasmardzewo.pl\/wp-content\/uploads\/2016\/10\/15_pielgrzymka51-Copy-133-1024x680.jpg'>\n\t\t\t\t<div class='overlay_easy'><\/div>\n\t\t\t\t<div class='easy_icon_holder'>\n\t\t\t\t\t<span class='icon icon-awesome-plus'><\/span>\n\t\t\t\t<\/div>\n\t\t\t\t<a href='https:\/\/parafiasmardzewo.pl\/?attachment_id=2305'><img width=\"150\" height=\"150\" src=\"https:\/\/parafiasmardzewo.pl\/wp-content\/uploads\/2016\/10\/15_pielgrzymka51-Copy-133-150x150.jpg\" class=\"attachment-thumbnail size-thumbnail\" alt=\"\" loading=\"lazy\" \/><\/a>\n\t\t\t<\/li>\n\t\t\t<li data-title='15_pielgrzymka51 (Copy) (12)' data-desc='' data-responsive-src='https:\/\/parafiasmardzewo.pl\/wp-content\/uploads\/2016\/10\/15_pielgrzymka51-Copy-123-300x199.jpg' data-src='https:\/\/parafiasmardzewo.pl\/wp-content\/uploads\/2016\/10\/15_pielgrzymka51-Copy-123-1024x680.jpg'>\n\t\t\t\t<div class='overlay_easy'><\/div>\n\t\t\t\t<div class='easy_icon_holder'>\n\t\t\t\t\t<span class='icon icon-awesome-plus'><\/span>\n\t\t\t\t<\/div>\n\t\t\t\t<a href='https:\/\/parafiasmardzewo.pl\/?attachment_id=2304'><img width=\"150\" height=\"150\" src=\"https:\/\/parafiasmardzewo.pl\/wp-content\/uploads\/2016\/10\/15_pielgrzymka51-Copy-123-150x150.jpg\" class=\"attachment-thumbnail size-thumbnail\" alt=\"\" loading=\"lazy\" \/><\/a>\n\t\t\t<\/li>\n\t\t\t<li data-title='15_pielgrzymka51 (Copy) (11)' data-desc='' data-responsive-src='https:\/\/parafiasmardzewo.pl\/wp-content\/uploads\/2016\/10\/15_pielgrzymka51-Copy-113-300x199.jpg' data-src='https:\/\/parafiasmardzewo.pl\/wp-content\/uploads\/2016\/10\/15_pielgrzymka51-Copy-113-1024x680.jpg'>\n\t\t\t\t<div class='overlay_easy'><\/div>\n\t\t\t\t<div class='easy_icon_holder'>\n\t\t\t\t\t<span class='icon icon-awesome-plus'><\/span>\n\t\t\t\t<\/div>\n\t\t\t\t<a href='https:\/\/parafiasmardzewo.pl\/?attachment_id=2303'><img width=\"150\" height=\"150\" src=\"https:\/\/parafiasmardzewo.pl\/wp-content\/uploads\/2016\/10\/15_pielgrzymka51-Copy-113-150x150.jpg\" class=\"attachment-thumbnail size-thumbnail\" alt=\"\" loading=\"lazy\" \/><\/a>\n\t\t\t<\/li>\n\t\t\t<li data-title='15_pielgrzymka51 (Copy) (10)' data-desc='' data-responsive-src='https:\/\/parafiasmardzewo.pl\/wp-content\/uploads\/2016\/10\/15_pielgrzymka51-Copy-103-300x199.jpg' data-src='https:\/\/parafiasmardzewo.pl\/wp-content\/uploads\/2016\/10\/15_pielgrzymka51-Copy-103-1024x680.jpg'>\n\t\t\t\t<div class='overlay_easy'><\/div>\n\t\t\t\t<div class='easy_icon_holder'>\n\t\t\t\t\t<span class='icon icon-awesome-plus'><\/span>\n\t\t\t\t<\/div>\n\t\t\t\t<a href='https:\/\/parafiasmardzewo.pl\/?attachment_id=2302'><img width=\"150\" height=\"150\" src=\"https:\/\/parafiasmardzewo.pl\/wp-content\/uploads\/2016\/10\/15_pielgrzymka51-Copy-103-150x150.jpg\" class=\"attachment-thumbnail size-thumbnail\" alt=\"\" loading=\"lazy\" \/><\/a>\n\t\t\t<\/li>\n\t\t\t<li data-title='15_pielgrzymka51 (Copy) (9)' data-desc='' data-responsive-src='https:\/\/parafiasmardzewo.pl\/wp-content\/uploads\/2016\/10\/15_pielgrzymka51-Copy-93-300x199.jpg' data-src='https:\/\/parafiasmardzewo.pl\/wp-content\/uploads\/2016\/10\/15_pielgrzymka51-Copy-93-1024x680.jpg'>\n\t\t\t\t<div class='overlay_easy'><\/div>\n\t\t\t\t<div class='easy_icon_holder'>\n\t\t\t\t\t<span class='icon icon-awesome-plus'><\/span>\n\t\t\t\t<\/div>\n\t\t\t\t<a href='https:\/\/parafiasmardzewo.pl\/?attachment_id=2301'><img width=\"150\" height=\"150\" src=\"https:\/\/parafiasmardzewo.pl\/wp-content\/uploads\/2016\/10\/15_pielgrzymka51-Copy-93-150x150.jpg\" class=\"attachment-thumbnail size-thumbnail\" alt=\"\" loading=\"lazy\" \/><\/a>\n\t\t\t<\/li>\n\t\t\t<li data-title='15_pielgrzymka51 (Copy) (8)' data-desc='' data-responsive-src='https:\/\/parafiasmardzewo.pl\/wp-content\/uploads\/2016\/10\/15_pielgrzymka51-Copy-83-300x199.jpg' data-src='https:\/\/parafiasmardzewo.pl\/wp-content\/uploads\/2016\/10\/15_pielgrzymka51-Copy-83-1024x680.jpg'>\n\t\t\t\t<div class='overlay_easy'><\/div>\n\t\t\t\t<div class='easy_icon_holder'>\n\t\t\t\t\t<span class='icon icon-awesome-plus'><\/span>\n\t\t\t\t<\/div>\n\t\t\t\t<a href='https:\/\/parafiasmardzewo.pl\/?attachment_id=2300'><img width=\"150\" height=\"150\" src=\"https:\/\/parafiasmardzewo.pl\/wp-content\/uploads\/2016\/10\/15_pielgrzymka51-Copy-83-150x150.jpg\" class=\"attachment-thumbnail size-thumbnail\" alt=\"\" loading=\"lazy\" \/><\/a>\n\t\t\t<\/li>\n\t\t\t<li data-title='15_pielgrzymka51 (Copy) (7)' data-desc='' data-responsive-src='https:\/\/parafiasmardzewo.pl\/wp-content\/uploads\/2016\/10\/15_pielgrzymka51-Copy-73-300x199.jpg' data-src='https:\/\/parafiasmardzewo.pl\/wp-content\/uploads\/2016\/10\/15_pielgrzymka51-Copy-73-1024x680.jpg'>\n\t\t\t\t<div class='overlay_easy'><\/div>\n\t\t\t\t<div class='easy_icon_holder'>\n\t\t\t\t\t<span class='icon icon-awesome-plus'><\/span>\n\t\t\t\t<\/div>\n\t\t\t\t<a href='https:\/\/parafiasmardzewo.pl\/?attachment_id=2299'><img width=\"150\" height=\"150\" src=\"https:\/\/parafiasmardzewo.pl\/wp-content\/uploads\/2016\/10\/15_pielgrzymka51-Copy-73-150x150.jpg\" class=\"attachment-thumbnail size-thumbnail\" alt=\"\" loading=\"lazy\" \/><\/a>\n\t\t\t<\/li>\n\t\t\t<li data-title='15_pielgrzymka' data-desc='' data-responsive-src='https:\/\/parafiasmardzewo.pl\/wp-content\/uploads\/2016\/10\/15_pielgrzymka51-Copy-63-300x199.jpg' data-src='https:\/\/parafiasmardzewo.pl\/wp-content\/uploads\/2016\/10\/15_pielgrzymka51-Copy-63-1024x680.jpg'>\n\t\t\t\t<div class='overlay_easy'><\/div>\n\t\t\t\t<div class='easy_icon_holder'>\n\t\t\t\t\t<span class='icon icon-awesome-plus'><\/span>\n\t\t\t\t<\/div>\n\t\t\t\t<a href='https:\/\/parafiasmardzewo.pl\/?attachment_id=2298'><img width=\"150\" height=\"150\" src=\"https:\/\/parafiasmardzewo.pl\/wp-content\/uploads\/2016\/10\/15_pielgrzymka51-Copy-63-150x150.jpg\" class=\"attachment-thumbnail size-thumbnail\" alt=\"\" loading=\"lazy\" \/><\/a>\n\t\t\t<\/li>\n\t\t<\/ul>\n\n","protected":false},"excerpt":{"rendered":"","protected":false},"author":1,"featured_media":2313,"parent":1062,"menu_order":9,"comment_status":"closed","ping_status":"open","template":"","meta":[],"_links":{"self":[{"href":"https:\/\/parafiasmardzewo.pl\/index.php?rest_route=\/wp\/v2\/pages\/1324"}],"collection":[{"href":"https:\/\/parafiasmardzewo.pl\/index.php?rest_route=\/wp\/v2\/pages"}],"about":[{"href":"https:\/\/parafiasmardzewo.pl\/index.php?rest_route=\/wp\/v2\/types\/page"}],"author":[{"embeddable":true,"href":"https:\/\/parafiasmardzewo.pl\/index.php?rest_route=\/wp\/v2\/users\/1"}],"replies":[{"embeddable":true,"href":"https:\/\/parafiasmardzewo.pl\/index.php?rest_route=%2Fwp%2Fv2%2Fcomments&post=1324"}],"version-history":[{"count":3,"href":"https:\/\/parafiasmardzewo.pl\/index.php?rest_route=\/wp\/v2\/pages\/1324\/revisions"}],"predecessor-version":[{"id":2876,"href":"https:\/\/parafiasmardzewo.pl\/index.php?rest_route=\/wp\/v2\/pages\/1324\/revisions\/2876"}],"up":[{"embeddable":true,"href":"https:\/\/parafiasmardzewo.pl\/index.php?rest_route=\/wp\/v2\/pages\/1062"}],"wp:featuredmedia":[{"embeddable":true,"href":"https:\/\/parafiasmardzewo.pl\/index.php?rest_route=\/wp\/v2\/media\/2313"}],"wp:attachment":[{"href":"https:\/\/parafiasmardzewo.pl\/index.php?rest_route=%2Fwp%2Fv2%2Fmedia&parent=1324"}],"curies":[{"name":"wp","href":"https:\/\/api.w.org\/{rel}","templated":true}]}}