{"id":1597,"date":"2016-10-26T18:06:34","date_gmt":"2016-10-26T18:06:34","guid":{"rendered":"http:\/\/parafiasmardzewo.pl\/?page_id=1597"},"modified":"2016-11-08T22:12:18","modified_gmt":"2016-11-08T21:12:18","slug":"11-listopada-12-11","status":"publish","type":"page","link":"https:\/\/parafiasmardzewo.pl\/?page_id=1597","title":{"rendered":"\u015awi\u0119to Niepodleg\u0142o\u015bci (11 XI)"},"content":{"rendered":"\n\t\n\n\t\n    <script type='text\/javascript'>\n    jQuery(document).ready(function() {\n\t\tjQuery('#lightGallery0').lightGallery({\n\t\t\tdesc        : true,\n\t\t\tcaption     : true,\n\t\t\tmode   : 'slide'\n\t\t});\n    });\n    <\/script>\n\t\n\t<ul id='lightGallery0' class='easy_gallery_wp'>\n\t\t\t<li data-title='15_11listopad (7)' data-desc='' data-responsive-src='https:\/\/parafiasmardzewo.pl\/wp-content\/uploads\/2016\/10\/15_11listopad-71-300x199.jpg' data-src='https:\/\/parafiasmardzewo.pl\/wp-content\/uploads\/2016\/10\/15_11listopad-71-1024x680.jpg'>\n\t\t\t\t<div class='overlay_easy'><\/div>\n\t\t\t\t<div class='easy_icon_holder'>\n\t\t\t\t\t<span class='icon icon-awesome-plus'><\/span>\n\t\t\t\t<\/div>\n\t\t\t\t<a href='https:\/\/parafiasmardzewo.pl\/?attachment_id=2582'><img width=\"150\" height=\"150\" src=\"https:\/\/parafiasmardzewo.pl\/wp-content\/uploads\/2016\/10\/15_11listopad-71-150x150.jpg\" class=\"attachment-thumbnail size-thumbnail\" alt=\"\" loading=\"lazy\" \/><\/a>\n\t\t\t<\/li>\n\t\t\t<li data-title='15_11listopad (4)' data-desc='' data-responsive-src='https:\/\/parafiasmardzewo.pl\/wp-content\/uploads\/2016\/10\/15_11listopad-41-300x199.jpg' data-src='https:\/\/parafiasmardzewo.pl\/wp-content\/uploads\/2016\/10\/15_11listopad-41-1024x680.jpg'>\n\t\t\t\t<div class='overlay_easy'><\/div>\n\t\t\t\t<div class='easy_icon_holder'>\n\t\t\t\t\t<span class='icon icon-awesome-plus'><\/span>\n\t\t\t\t<\/div>\n\t\t\t\t<a href='https:\/\/parafiasmardzewo.pl\/?attachment_id=2580'><img width=\"150\" height=\"150\" src=\"https:\/\/parafiasmardzewo.pl\/wp-content\/uploads\/2016\/10\/15_11listopad-41-150x150.jpg\" class=\"attachment-thumbnail size-thumbnail\" alt=\"\" loading=\"lazy\" \/><\/a>\n\t\t\t<\/li>\n\t\t\t<li data-title='15_11listopad (3)' data-desc='' data-responsive-src='https:\/\/parafiasmardzewo.pl\/wp-content\/uploads\/2016\/10\/15_11listopad-31-300x199.jpg' data-src='https:\/\/parafiasmardzewo.pl\/wp-content\/uploads\/2016\/10\/15_11listopad-31-1024x680.jpg'>\n\t\t\t\t<div class='overlay_easy'><\/div>\n\t\t\t\t<div class='easy_icon_holder'>\n\t\t\t\t\t<span class='icon icon-awesome-plus'><\/span>\n\t\t\t\t<\/div>\n\t\t\t\t<a href='https:\/\/parafiasmardzewo.pl\/?attachment_id=2579'><img width=\"150\" height=\"150\" src=\"https:\/\/parafiasmardzewo.pl\/wp-content\/uploads\/2016\/10\/15_11listopad-31-150x150.jpg\" class=\"attachment-thumbnail size-thumbnail\" alt=\"\" loading=\"lazy\" \/><\/a>\n\t\t\t<\/li>\n\t\t\t<li data-title='15_11listopad (2)' data-desc='' data-responsive-src='https:\/\/parafiasmardzewo.pl\/wp-content\/uploads\/2016\/10\/15_11listopad-21-300x199.jpg' data-src='https:\/\/parafiasmardzewo.pl\/wp-content\/uploads\/2016\/10\/15_11listopad-21-1024x680.jpg'>\n\t\t\t\t<div class='overlay_easy'><\/div>\n\t\t\t\t<div class='easy_icon_holder'>\n\t\t\t\t\t<span class='icon icon-awesome-plus'><\/span>\n\t\t\t\t<\/div>\n\t\t\t\t<a href='https:\/\/parafiasmardzewo.pl\/?attachment_id=2578'><img width=\"150\" height=\"150\" src=\"https:\/\/parafiasmardzewo.pl\/wp-content\/uploads\/2016\/10\/15_11listopad-21-150x150.jpg\" class=\"attachment-thumbnail size-thumbnail\" alt=\"\" loading=\"lazy\" \/><\/a>\n\t\t\t<\/li>\n\t\t\t<li data-title='15_11listopad (6)' data-desc='' data-responsive-src='https:\/\/parafiasmardzewo.pl\/wp-content\/uploads\/2016\/10\/15_11listopad-61-300x199.jpg' data-src='https:\/\/parafiasmardzewo.pl\/wp-content\/uploads\/2016\/10\/15_11listopad-61-1024x680.jpg'>\n\t\t\t\t<div class='overlay_easy'><\/div>\n\t\t\t\t<div class='easy_icon_holder'>\n\t\t\t\t\t<span class='icon icon-awesome-plus'><\/span>\n\t\t\t\t<\/div>\n\t\t\t\t<a href='https:\/\/parafiasmardzewo.pl\/?attachment_id=2577'><img width=\"150\" height=\"150\" src=\"https:\/\/parafiasmardzewo.pl\/wp-content\/uploads\/2016\/10\/15_11listopad-61-150x150.jpg\" class=\"attachment-thumbnail size-thumbnail\" alt=\"\" loading=\"lazy\" \/><\/a>\n\t\t\t<\/li>\n\t\t\t<li data-title='15_11listopad' data-desc='' data-responsive-src='https:\/\/parafiasmardzewo.pl\/wp-content\/uploads\/2016\/10\/15_11listopad-51-300x199.jpg' data-src='https:\/\/parafiasmardzewo.pl\/wp-content\/uploads\/2016\/10\/15_11listopad-51-1024x680.jpg'>\n\t\t\t\t<div class='overlay_easy'><\/div>\n\t\t\t\t<div class='easy_icon_holder'>\n\t\t\t\t\t<span class='icon icon-awesome-plus'><\/span>\n\t\t\t\t<\/div>\n\t\t\t\t<a href='https:\/\/parafiasmardzewo.pl\/?attachment_id=2576'><img width=\"150\" height=\"150\" src=\"https:\/\/parafiasmardzewo.pl\/wp-content\/uploads\/2016\/10\/15_11listopad-51-150x150.jpg\" class=\"attachment-thumbnail size-thumbnail\" alt=\"\" loading=\"lazy\" \/><\/a>\n\t\t\t<\/li>\n\t\t<\/ul>\n\n","protected":false},"excerpt":{"rendered":"","protected":false},"author":1,"featured_media":2577,"parent":1062,"menu_order":15,"comment_status":"closed","ping_status":"open","template":"","meta":[],"_links":{"self":[{"href":"https:\/\/parafiasmardzewo.pl\/index.php?rest_route=\/wp\/v2\/pages\/1597"}],"collection":[{"href":"https:\/\/parafiasmardzewo.pl\/index.php?rest_route=\/wp\/v2\/pages"}],"about":[{"href":"https:\/\/parafiasmardzewo.pl\/index.php?rest_route=\/wp\/v2\/types\/page"}],"author":[{"embeddable":true,"href":"https:\/\/parafiasmardzewo.pl\/index.php?rest_route=\/wp\/v2\/users\/1"}],"replies":[{"embeddable":true,"href":"https:\/\/parafiasmardzewo.pl\/index.php?rest_route=%2Fwp%2Fv2%2Fcomments&post=1597"}],"version-history":[{"count":3,"href":"https:\/\/parafiasmardzewo.pl\/index.php?rest_route=\/wp\/v2\/pages\/1597\/revisions"}],"predecessor-version":[{"id":2849,"href":"https:\/\/parafiasmardzewo.pl\/index.php?rest_route=\/wp\/v2\/pages\/1597\/revisions\/2849"}],"up":[{"embeddable":true,"href":"https:\/\/parafiasmardzewo.pl\/index.php?rest_route=\/wp\/v2\/pages\/1062"}],"wp:featuredmedia":[{"embeddable":true,"href":"https:\/\/parafiasmardzewo.pl\/index.php?rest_route=\/wp\/v2\/media\/2577"}],"wp:attachment":[{"href":"https:\/\/parafiasmardzewo.pl\/index.php?rest_route=%2Fwp%2Fv2%2Fmedia&parent=1597"}],"curies":[{"name":"wp","href":"https:\/\/api.w.org\/{rel}","templated":true}]}}