{"id":1605,"date":"2016-10-26T18:08:53","date_gmt":"2016-10-26T18:08:53","guid":{"rendered":"http:\/\/parafiasmardzewo.pl\/?page_id=1605"},"modified":"2016-11-08T23:22:00","modified_gmt":"2016-11-08T22:22:00","slug":"akcja-napelnij-dzban-idei-swiatowych-dni-mlodziezy-25-10","status":"publish","type":"page","link":"https:\/\/parafiasmardzewo.pl\/?page_id=1605","title":{"rendered":"Akcja Nape\u0142nij Dzban idei \u015awiatowych Dni M\u0142odzie\u017cy (25 X)"},"content":{"rendered":"\n\t\n\n\t\n    <script type='text\/javascript'>\n    jQuery(document).ready(function() {\n\t\tjQuery('#lightGallery0').lightGallery({\n\t\t\tdesc        : true,\n\t\t\tcaption     : true,\n\t\t\tmode   : 'slide'\n\t\t});\n    });\n    <\/script>\n\t\n\t<ul id='lightGallery0' class='easy_gallery_wp'>\n\t\t\t<li data-title='15_dzban (4)' data-desc='' data-responsive-src='https:\/\/parafiasmardzewo.pl\/wp-content\/uploads\/2016\/10\/15_dzban-41-300x199.jpg' data-src='https:\/\/parafiasmardzewo.pl\/wp-content\/uploads\/2016\/10\/15_dzban-41-1024x680.jpg'>\n\t\t\t\t<div class='overlay_easy'><\/div>\n\t\t\t\t<div class='easy_icon_holder'>\n\t\t\t\t\t<span class='icon icon-awesome-plus'><\/span>\n\t\t\t\t<\/div>\n\t\t\t\t<a href='https:\/\/parafiasmardzewo.pl\/?attachment_id=2574'><img width=\"150\" height=\"150\" src=\"https:\/\/parafiasmardzewo.pl\/wp-content\/uploads\/2016\/10\/15_dzban-41-150x150.jpg\" class=\"attachment-thumbnail size-thumbnail\" alt=\"\" loading=\"lazy\" \/><\/a>\n\t\t\t<\/li>\n\t\t\t<li data-title='15_dzban (3)' data-desc='' data-responsive-src='https:\/\/parafiasmardzewo.pl\/wp-content\/uploads\/2016\/10\/15_dzban-31-300x199.jpg' data-src='https:\/\/parafiasmardzewo.pl\/wp-content\/uploads\/2016\/10\/15_dzban-31-1024x680.jpg'>\n\t\t\t\t<div class='overlay_easy'><\/div>\n\t\t\t\t<div class='easy_icon_holder'>\n\t\t\t\t\t<span class='icon icon-awesome-plus'><\/span>\n\t\t\t\t<\/div>\n\t\t\t\t<a href='https:\/\/parafiasmardzewo.pl\/?attachment_id=2573'><img width=\"150\" height=\"150\" src=\"https:\/\/parafiasmardzewo.pl\/wp-content\/uploads\/2016\/10\/15_dzban-31-150x150.jpg\" class=\"attachment-thumbnail size-thumbnail\" alt=\"\" loading=\"lazy\" \/><\/a>\n\t\t\t<\/li>\n\t\t\t<li data-title='15_dzban (2)' data-desc='' data-responsive-src='https:\/\/parafiasmardzewo.pl\/wp-content\/uploads\/2016\/10\/15_dzban-21-300x199.jpg' data-src='https:\/\/parafiasmardzewo.pl\/wp-content\/uploads\/2016\/10\/15_dzban-21-1024x680.jpg'>\n\t\t\t\t<div class='overlay_easy'><\/div>\n\t\t\t\t<div class='easy_icon_holder'>\n\t\t\t\t\t<span class='icon icon-awesome-plus'><\/span>\n\t\t\t\t<\/div>\n\t\t\t\t<a href='https:\/\/parafiasmardzewo.pl\/?attachment_id=2572'><img width=\"150\" height=\"150\" src=\"https:\/\/parafiasmardzewo.pl\/wp-content\/uploads\/2016\/10\/15_dzban-21-150x150.jpg\" class=\"attachment-thumbnail size-thumbnail\" alt=\"\" loading=\"lazy\" \/><\/a>\n\t\t\t<\/li>\n\t\t\t<li data-title='15_dzban (1)' data-desc='' data-responsive-src='https:\/\/parafiasmardzewo.pl\/wp-content\/uploads\/2016\/10\/15_dzban-11-300x199.jpg' data-src='https:\/\/parafiasmardzewo.pl\/wp-content\/uploads\/2016\/10\/15_dzban-11-1024x680.jpg'>\n\t\t\t\t<div class='overlay_easy'><\/div>\n\t\t\t\t<div class='easy_icon_holder'>\n\t\t\t\t\t<span class='icon icon-awesome-plus'><\/span>\n\t\t\t\t<\/div>\n\t\t\t\t<a href='https:\/\/parafiasmardzewo.pl\/?attachment_id=2571'><img width=\"150\" height=\"150\" src=\"https:\/\/parafiasmardzewo.pl\/wp-content\/uploads\/2016\/10\/15_dzban-11-150x150.jpg\" class=\"attachment-thumbnail size-thumbnail\" alt=\"\" loading=\"lazy\" \/><\/a>\n\t\t\t<\/li>\n\t\t\t<li data-title='15_dzban (10)' data-desc='' data-responsive-src='https:\/\/parafiasmardzewo.pl\/wp-content\/uploads\/2016\/10\/15_dzban-101-300x199.jpg' data-src='https:\/\/parafiasmardzewo.pl\/wp-content\/uploads\/2016\/10\/15_dzban-101-1024x680.jpg'>\n\t\t\t\t<div class='overlay_easy'><\/div>\n\t\t\t\t<div class='easy_icon_holder'>\n\t\t\t\t\t<span class='icon icon-awesome-plus'><\/span>\n\t\t\t\t<\/div>\n\t\t\t\t<a href='https:\/\/parafiasmardzewo.pl\/?attachment_id=2570'><img width=\"150\" height=\"150\" src=\"https:\/\/parafiasmardzewo.pl\/wp-content\/uploads\/2016\/10\/15_dzban-101-150x150.jpg\" class=\"attachment-thumbnail size-thumbnail\" alt=\"\" loading=\"lazy\" \/><\/a>\n\t\t\t<\/li>\n\t\t\t<li data-title='15_dzban (9)' data-desc='' data-responsive-src='https:\/\/parafiasmardzewo.pl\/wp-content\/uploads\/2016\/10\/15_dzban-91-300x199.jpg' data-src='https:\/\/parafiasmardzewo.pl\/wp-content\/uploads\/2016\/10\/15_dzban-91-1024x680.jpg'>\n\t\t\t\t<div class='overlay_easy'><\/div>\n\t\t\t\t<div class='easy_icon_holder'>\n\t\t\t\t\t<span class='icon icon-awesome-plus'><\/span>\n\t\t\t\t<\/div>\n\t\t\t\t<a href='https:\/\/parafiasmardzewo.pl\/?attachment_id=2569'><img width=\"150\" height=\"150\" src=\"https:\/\/parafiasmardzewo.pl\/wp-content\/uploads\/2016\/10\/15_dzban-91-150x150.jpg\" class=\"attachment-thumbnail size-thumbnail\" alt=\"\" loading=\"lazy\" \/><\/a>\n\t\t\t<\/li>\n\t\t\t<li data-title='15_dzban (8)' data-desc='' data-responsive-src='https:\/\/parafiasmardzewo.pl\/wp-content\/uploads\/2016\/10\/15_dzban-81-300x199.jpg' data-src='https:\/\/parafiasmardzewo.pl\/wp-content\/uploads\/2016\/10\/15_dzban-81-1024x680.jpg'>\n\t\t\t\t<div class='overlay_easy'><\/div>\n\t\t\t\t<div class='easy_icon_holder'>\n\t\t\t\t\t<span class='icon icon-awesome-plus'><\/span>\n\t\t\t\t<\/div>\n\t\t\t\t<a href='https:\/\/parafiasmardzewo.pl\/?attachment_id=2568'><img width=\"150\" height=\"150\" src=\"https:\/\/parafiasmardzewo.pl\/wp-content\/uploads\/2016\/10\/15_dzban-81-150x150.jpg\" class=\"attachment-thumbnail size-thumbnail\" alt=\"\" loading=\"lazy\" \/><\/a>\n\t\t\t<\/li>\n\t\t\t<li data-title='15_dzban (7)' data-desc='' data-responsive-src='https:\/\/parafiasmardzewo.pl\/wp-content\/uploads\/2016\/10\/15_dzban-71-300x199.jpg' data-src='https:\/\/parafiasmardzewo.pl\/wp-content\/uploads\/2016\/10\/15_dzban-71-1024x680.jpg'>\n\t\t\t\t<div class='overlay_easy'><\/div>\n\t\t\t\t<div class='easy_icon_holder'>\n\t\t\t\t\t<span class='icon icon-awesome-plus'><\/span>\n\t\t\t\t<\/div>\n\t\t\t\t<a href='https:\/\/parafiasmardzewo.pl\/?attachment_id=2567'><img width=\"150\" height=\"150\" src=\"https:\/\/parafiasmardzewo.pl\/wp-content\/uploads\/2016\/10\/15_dzban-71-150x150.jpg\" class=\"attachment-thumbnail size-thumbnail\" alt=\"\" loading=\"lazy\" \/><\/a>\n\t\t\t<\/li>\n\t\t\t<li data-title='15_dzban (6)' data-desc='' data-responsive-src='https:\/\/parafiasmardzewo.pl\/wp-content\/uploads\/2016\/10\/15_dzban-61-300x199.jpg' data-src='https:\/\/parafiasmardzewo.pl\/wp-content\/uploads\/2016\/10\/15_dzban-61-1024x680.jpg'>\n\t\t\t\t<div class='overlay_easy'><\/div>\n\t\t\t\t<div class='easy_icon_holder'>\n\t\t\t\t\t<span class='icon icon-awesome-plus'><\/span>\n\t\t\t\t<\/div>\n\t\t\t\t<a href='https:\/\/parafiasmardzewo.pl\/?attachment_id=2566'><img width=\"150\" height=\"150\" src=\"https:\/\/parafiasmardzewo.pl\/wp-content\/uploads\/2016\/10\/15_dzban-61-150x150.jpg\" class=\"attachment-thumbnail size-thumbnail\" alt=\"\" loading=\"lazy\" \/><\/a>\n\t\t\t<\/li>\n\t\t\t<li data-title='15_dzban' data-desc='' data-responsive-src='https:\/\/parafiasmardzewo.pl\/wp-content\/uploads\/2016\/10\/15_dzban-51-300x199.jpg' data-src='https:\/\/parafiasmardzewo.pl\/wp-content\/uploads\/2016\/10\/15_dzban-51-1024x680.jpg'>\n\t\t\t\t<div class='overlay_easy'><\/div>\n\t\t\t\t<div class='easy_icon_holder'>\n\t\t\t\t\t<span class='icon icon-awesome-plus'><\/span>\n\t\t\t\t<\/div>\n\t\t\t\t<a href='https:\/\/parafiasmardzewo.pl\/?attachment_id=2565'><img width=\"150\" height=\"150\" src=\"https:\/\/parafiasmardzewo.pl\/wp-content\/uploads\/2016\/10\/15_dzban-51-150x150.jpg\" class=\"attachment-thumbnail size-thumbnail\" alt=\"\" loading=\"lazy\" \/><\/a>\n\t\t\t<\/li>\n\t\t<\/ul>\n\n","protected":false},"excerpt":{"rendered":"","protected":false},"author":1,"featured_media":2567,"parent":1062,"menu_order":14,"comment_status":"closed","ping_status":"open","template":"","meta":[],"_links":{"self":[{"href":"https:\/\/parafiasmardzewo.pl\/index.php?rest_route=\/wp\/v2\/pages\/1605"}],"collection":[{"href":"https:\/\/parafiasmardzewo.pl\/index.php?rest_route=\/wp\/v2\/pages"}],"about":[{"href":"https:\/\/parafiasmardzewo.pl\/index.php?rest_route=\/wp\/v2\/types\/page"}],"author":[{"embeddable":true,"href":"https:\/\/parafiasmardzewo.pl\/index.php?rest_route=\/wp\/v2\/users\/1"}],"replies":[{"embeddable":true,"href":"https:\/\/parafiasmardzewo.pl\/index.php?rest_route=%2Fwp%2Fv2%2Fcomments&post=1605"}],"version-history":[{"count":2,"href":"https:\/\/parafiasmardzewo.pl\/index.php?rest_route=\/wp\/v2\/pages\/1605\/revisions"}],"predecessor-version":[{"id":2879,"href":"https:\/\/parafiasmardzewo.pl\/index.php?rest_route=\/wp\/v2\/pages\/1605\/revisions\/2879"}],"up":[{"embeddable":true,"href":"https:\/\/parafiasmardzewo.pl\/index.php?rest_route=\/wp\/v2\/pages\/1062"}],"wp:featuredmedia":[{"embeddable":true,"href":"https:\/\/parafiasmardzewo.pl\/index.php?rest_route=\/wp\/v2\/media\/2567"}],"wp:attachment":[{"href":"https:\/\/parafiasmardzewo.pl\/index.php?rest_route=%2Fwp%2Fv2%2Fmedia&parent=1605"}],"curies":[{"name":"wp","href":"https:\/\/api.w.org\/{rel}","templated":true}]}}