{"id":422,"date":"2016-05-17T20:26:14","date_gmt":"2016-05-17T20:26:14","guid":{"rendered":"http:\/\/parafiasmardzewo.pl\/?page_id=422"},"modified":"2016-11-27T11:25:40","modified_gmt":"2016-11-27T10:25:40","slug":"eucharystia","status":"publish","type":"page","link":"https:\/\/parafiasmardzewo.pl\/?page_id=422","title":{"rendered":"Eucharystia"},"content":{"rendered":"<p style=\"text-align: justify;\"><a href=\"http:\/\/parafiasmardzewo.pl\/wp-content\/uploads\/2016\/05\/euchar.jpg\"><img loading=\"lazy\" class=\"wp-image-219 size-medium\" src=\"http:\/\/parafiasmardzewo.pl\/wp-content\/uploads\/2016\/05\/euchar-300x239.jpg\" alt=\"euchar\" width=\"300\" height=\"239\" \/><\/a><br \/>\n<script type=\"text\/javascript\">\/\/ <![CDATA[\nfunction pokarz(co) {\nvar liczbaPaneli = 8;\n     do {\n            var panel = document.getElementById(\"o\"+liczbaPaneli);\n            if (co == liczbaPaneli)\n                 panel.style.display = \"initial\";\n            else\n                 panel.style.display = \"none\";\n         liczbaPaneli--;\n     }\n     while (liczbaPaneli>0)\n  }\n\/\/ ]]><\/script><\/p>\n<h3 style=\"text-align: justify;\">\u201eBierzcie i\u00a0jedzcie z\u00a0tego wszyscy: to jest bowiem cia\u0142o moje, kt\u00f3re za was b\u0119dzie wydane, bierzcie i\u00a0pijcie z\u00a0niego wszyscy to jest bowiem kielich krwi mojej, nowego i\u00a0wiecznego przymierza, kt\u00f3ra za was i\u00a0za wielu b\u0119dzie wylana na odpuszczenie grzech\u00f3w, to czy\u0144cie na moj\u0105 pami\u0105tk\u0119\u201d (Mt 26, 26). Tymi s\u0142owami Pan Jezus podczas Ostatniej Wieczerzy ustanowi\u0142 Naj\u015bwi\u0119tszy Sakrament. Jest on najbardziej \u015bwi\u0119ty ze wszystkich sakrament\u00f3w, bo w\u00a0nim Jezus Chrystus jest obecny rzeczywi\u015bcie i\u00a0prawdziwie. Obrz\u0119dem tego sakramentu jest liturgia Mszy \u015awi\u0119tej, w\u00a0kt\u00f3rej sam Chrystus staje si\u0119 pokarmem, kt\u00f3ry daje \u017cycie. \u0142owami: \u201eTo czy\u0144cie na moj\u0105 pami\u0105tk\u0119\u201d Pan Jezus wzywa wierz\u0105cych do udzia\u0142u w\u00a0ofierze Mszy \u015awi\u0119tej, przede wszystkim w\u00a0dniu Pa\u0144skim, w\u00a0niedziel\u0119, kt\u00f3ra urzeczywistnia Jego \u015bmier\u0107 i\u00a0zmartwychwstanie.<\/h3>\n<h3 style=\"text-align: justify;\"><b>\u00a0<\/b><\/h3>\n<h3 style=\"text-align: justify;\"><b>Msze \u015awi\u0119te mo\u017cna ofiarowa\u0107 za:<\/b><br \/>\n<b>\u017bywych:<\/b> z\u00a0okazji imienin, urodzin, jubileuszy, egzamin\u00f3w, o\u00a0zdrowie, podczas prze\u017cywania r\u00f3\u017cnych problem\u00f3w, dzi\u0119kczynne za otrzymane \u0142aski itp.<br \/>\n<b>Zmar\u0142ych:<\/b> Msza \u015awi\u0119ta jest najlepsz\u0105 form\u0105 modlitwy wstawienniczej za zmar\u0142e osoby, jest \u201eo\u015bwietlaniem Zmar\u0142ego\u201d blaskiem tajemnicy Zmartwychwstania. Msze gregoria\u0144skie s\u0105 star\u0105 praktyk\u0105 odprawiania Eucharystii przez 30 dni za zmar\u0142\u0105 osob\u0119. Nazwa pochodzi od imienia \u015bw. Grzegorza I (VI w.), papie\u017ca &#8211; on jako pierwszy nakaza\u0142 odprawi\u0107 30 Mszy \u015awi\u0119tych w\u00a0intencji pewnego zakonnika. \u201eGregoriank\u0119\u201d odprawia si\u0119 tylko za zmar\u0142ych (za jedn\u0105 osob\u0119) nieprzerwanie przez 30 dni. Gdyby nast\u0105pi\u0142a przerwa, kap\u0142an musia\u0142by j\u0105 rozpocz\u0105\u0107 od pocz\u0105tku. W przekonaniu katolik\u00f3w zmarli, dzi\u0119ki Mszom gregoria\u0144skim, osi\u0105gaj\u0105 wieczn\u0105 szcz\u0119\u015bliwo\u015b\u0107. S\u0105 one najlepszym sposobem \u015bpieszenia z\u00a0pomoc\u0105 naszym zmar\u0142ym. Msz\u0119 gregoria\u0144sk\u0105 mo\u017ce odprawia\u0107 kilku ksi\u0119\u017cy z\u00a0jednej lub kilku parafiach wa\u017cne, aby by\u0142a odprawiana ka\u017cdego dnia przez 30 dni.<\/h3>\n<div id=\"o8\" style=\"display: none;\">\n<p style=\"text-align: justify;\"><b>1406<\/b> <i>Jezus m\u00f3wi: \u201eJa jestem chlebem \u017cywym, kt\u00f3ry zst\u0105pi\u0142 z nieba. Je\u015bli kto spo\u017cywa ten chleb, b\u0119dzie \u017cy\u0142 na wieki&#8230; Kto spo\u017cywa moje Cia\u0142o i pije moj\u0105 Krew, ma \u017cycie wieczne&#8230; trwa we Mnie, a Ja w nim\u201d (J 6, 51. 54. 56).<\/i><\/p>\n<p style=\"text-align: justify;\"><b>1407<\/b><i> Eucharystia jest centrum i szczytem \u017cycia Ko\u015bcio\u0142a, poniewa\u017c Chrystus w\u0142\u0105cza Ko\u015bci\u00f3\u0142 i wszystkie jego cz\u0142onki do swojej ofiary uwielbienia i dzi\u0119kczynienia, z\u0142o\u017conej raz na zawsze Ojcu na krzy\u017cu. Przez t\u0119 ofiar\u0119 Chrystus rozlewa laski zbawienia na swoje Cia\u0142o, kt\u00f3rym jest Ko\u015bci\u00f3\u0142.<\/i><\/p>\n<p style=\"text-align: justify;\"><b>1408<\/b> <i>Celebracja Eucharystii obejmuje zawsze: g\u0142oszenie s\u0142owa Bo\u017cego, dzi\u0119kczynienie sk\u0142adane Bogu Ojcu za wszystkie Jego dobrodziejstwa, a zw\u0142aszcza za dar Jego Syna; konsekracj\u0119 chleba i wina oraz uczestniczenie w uczcie liturgicznej przez przyjmowanie Cia\u0142a i Krwi Pana. Elementy te konstytuuj\u0105 jeden i ten sam akt kultu.<\/i><\/p>\n<p style=\"text-align: justify;\"><b>1409<\/b><i> Eucharystia jest pami\u0105tk\u0105 Paschy Chrystusa, to znaczy dzie\u0142a zbawienia wype\u0142nionego przez Jego \u017cycie, \u015bmier\u0107 i zmartwychwstanie. Dzie\u0142o to uobecnia si\u0119 w czynno\u015bci liturgicznej.<\/i><\/p>\n<p style=\"text-align: justify;\"><b>1410<\/b> <i>Sam Chrystus, wieczny Arcykap\u0142an Nowego Przymierza, dzia\u0142aj\u0105c przez pos\u0142ug\u0119 kap\u0142an\u00f3w, sk\u0142ada Ofiar\u0119 eucharystyczn\u0105. Sam Chrystus, rzeczywi\u015bcie obecny pod postaciami chleba i wina, jest r\u00f3wnie\u017c darem ofiarnym sk\u0142adanym w Eucharystii.<\/i><\/p>\n<p style=\"text-align: justify;\"><b>1411<\/b> <i>Tylko kap\u0142ani wa\u017cnie wy\u015bwi\u0119ceni mog\u0105 przewodniczy\u0107 Eucharystii i konsekrowa\u0107 chleb i wino, aby sta\u0142y si\u0119 Cia\u0142em i Krwi\u0105 Pana.<\/i><\/p>\n<p style=\"text-align: justify;\"><b>1412<\/b> <i>Istotnymi znakami sakramentu Eucharystii s\u0105 pszenny chleb i wino gronowe, nad kt\u00f3rymi wzywa si\u0119 b\u0142ogos\u0142awie\u0144stwa Ducha \u015awi\u0119tego i kap\u0142an wypowiada s\u0142owa konsekracji, b\u0119d\u0105ce s\u0142owami Jezusa z Ostatniej Wieczerzy: \u201eTo jest Cia\u0142o moje za was wydane : To jest kielich Krwi mojej&#8230;\u201d.<\/i><\/p>\n<p style=\"text-align: justify;\"><b>1413<\/b> <i>Przez konsekracj\u0119 dokonuje si\u0119 przeistoczenie (transsubstantiatio) chleba i wina w Cia\u0142o i Krew Chrystusa. Pod konsekrowanymi postaciami chleba i wina jest obecny \u017cywy i chwalebny Chrystus w spos\u00f3b prawdziwy, rzeczywisty i substancjalny, z Cia\u0142em, Krwi\u0105, Dusz\u0105 i B\u00f3stwem<\/i>.<\/p>\n<p style=\"text-align: justify;\"><b>1414<\/b> <i>Eucharystia jako ofiara jest tak\u017ce sk\u0142adana na wynagrodzenie za grzechy \u017cywych i zmar\u0142ych, a tak\u017ce by otrzyma\u0107 od Boga duchowe i doczesne dary.<\/i><\/p>\n<p style=\"text-align: justify;\"><b>1415<\/b><i> Kto chce przyjmowa\u0107 Chrystusa w Komunii eucharystycznej, musi by\u0107 w stanie \u0142aski. Je\u015bli kto\u015b ma \u015bwiadomo\u015b\u0107, \u017ce pope\u0142ni\u0142 grzech \u015bmiertelny, nie powinien przyst\u0119powa\u0107 do Eucharystii bez otrzymania uprzednio rozgrzeszenia w sakramencie pokuty.<\/i><\/p>\n<p style=\"text-align: justify;\"><b>1416<\/b> <i>Przyj\u0119cie Cia\u0142a i Krwi Chrystusa w Komunii \u015bwi\u0119tej pog\u0142\u0119bia zjednoczenie komunikuj\u0105cego z Panem, g\u0142adzi grzechy powszednie i zachowuje od grzech\u00f3w ci\u0119\u017ckich. Poniewa\u017c zostaj\u0105 umocnione wi\u0119zy mi\u0142o\u015bci mi\u0119dzy komunikuj\u0105cym a Chrystusem, przyjmowanie tego sakramentu umacnia jedno\u015b\u0107 Ko\u015bcio\u0142a, Mistycznego Cia\u0142a Chrystusa.<\/i><\/p>\n<p style=\"text-align: justify;\"><strong>1417 <\/strong><i>Ko\u015bci\u00f3\u0142 \u017cywo poleca wiernym, by przyjmowali <\/i><i>Komuni\u0119 \u015bwi\u0119t\u0105, gdy uczestnicz\u0105 w <\/i><i>celebracji<\/i><i> Eucharystii. Zobowi\u0105zuje ich do tego przynajmniej raz w roku.<\/i><\/p>\n<p style=\"text-align: justify;\"><b>1418<\/b> <i>Poniewa\u017c w sakramencie O\u0142tarza obecny jest sam Chrystus, nale\u017cy Go czci\u0107 kultem adoracji. \u201eNawiedzenie Naj\u015bwi\u0119tszego Sakramentu&#8230; jest dowodem wdzi\u0119czno\u015bci, por\u0119k\u0105 mi\u0142o\u015bci i obowi\u0105zkiem nale\u017cnej czci wzgl\u0119dem Chrystusa Pana\u201d<\/i>.<\/p>\n<p style=\"text-align: justify;\"><b>1419<\/b><i> Chrystus, przechodz\u0105c z tego \u015bwiata do Ojca, dal nam w Eucharystii zadatek swojej chwa\u0142y; udzia\u0142 w Naj\u015bwi\u0119tszej Ofierze uto\u017csamia nas z Jego Sercem, podtrzymuje nasze si\u0142y w czasie ziemskiej pielgrzymki, budzi pragnienie \u017cycia wiecznego i ju\u017c teraz jednoczy nas z Ko\u015bcio\u0142em niebieskim, ze \u015bwi\u0119t\u0105 Dziewic\u0105 Maryj\u0105 i wszystkimi \u015bwi\u0119tymi.<\/i><\/p>\n<\/div>\n","protected":false},"excerpt":{"rendered":"<p>\u201eBierzcie i\u00a0jedzcie z\u00a0tego wszyscy: to jest bowiem cia\u0142o moje, kt\u00f3re za was b\u0119dzie wydane, bierzcie i\u00a0pijcie z\u00a0niego wszyscy to jest bowiem kielich krwi mojej, nowego i\u00a0wiecznego przymierza, kt\u00f3ra za was i\u00a0za wielu b\u0119dzie wylana na odpuszczenie grzech\u00f3w, to czy\u0144cie na moj\u0105 pami\u0105tk\u0119\u201d (Mt 26, 26). Tymi s\u0142owami Pan Jezus podczas Ostatniej Wieczerzy ustanowi\u0142 Naj\u015bwi\u0119tszy Sakrament. &hellip; <\/p>\n<p><a class=\"more-link btn\" href=\"https:\/\/parafiasmardzewo.pl\/?page_id=422\">Kontynuuj czytanie<\/a><\/p>\n","protected":false},"author":1,"featured_media":480,"parent":90,"menu_order":3,"comment_status":"open","ping_status":"open","template":"","meta":[],"_links":{"self":[{"href":"https:\/\/parafiasmardzewo.pl\/index.php?rest_route=\/wp\/v2\/pages\/422"}],"collection":[{"href":"https:\/\/parafiasmardzewo.pl\/index.php?rest_route=\/wp\/v2\/pages"}],"about":[{"href":"https:\/\/parafiasmardzewo.pl\/index.php?rest_route=\/wp\/v2\/types\/page"}],"author":[{"embeddable":true,"href":"https:\/\/parafiasmardzewo.pl\/index.php?rest_route=\/wp\/v2\/users\/1"}],"replies":[{"embeddable":true,"href":"https:\/\/parafiasmardzewo.pl\/index.php?rest_route=%2Fwp%2Fv2%2Fcomments&post=422"}],"version-history":[{"count":4,"href":"https:\/\/parafiasmardzewo.pl\/index.php?rest_route=\/wp\/v2\/pages\/422\/revisions"}],"predecessor-version":[{"id":2976,"href":"https:\/\/parafiasmardzewo.pl\/index.php?rest_route=\/wp\/v2\/pages\/422\/revisions\/2976"}],"up":[{"embeddable":true,"href":"https:\/\/parafiasmardzewo.pl\/index.php?rest_route=\/wp\/v2\/pages\/90"}],"wp:featuredmedia":[{"embeddable":true,"href":"https:\/\/parafiasmardzewo.pl\/index.php?rest_route=\/wp\/v2\/media\/480"}],"wp:attachment":[{"href":"https:\/\/parafiasmardzewo.pl\/index.php?rest_route=%2Fwp%2Fv2%2Fmedia&parent=422"}],"curies":[{"name":"wp","href":"https:\/\/api.w.org\/{rel}","templated":true}]}}