{"id":5255,"date":"2018-11-14T22:09:55","date_gmt":"2018-11-14T21:09:55","guid":{"rendered":"http:\/\/parafiasmardzewo.pl\/?page_id=5255"},"modified":"2018-11-17T21:23:21","modified_gmt":"2018-11-17T20:23:21","slug":"swieto-odzyskania-niepodleglosci-11-x","status":"publish","type":"page","link":"https:\/\/parafiasmardzewo.pl\/?page_id=5255","title":{"rendered":"\u015awi\u0119to odzyskania niepodleg\u0142o\u015bci (11 XI)"},"content":{"rendered":"<div class=\"gdgallery-gallery-container\" id=\"gdgallery-container-10\" data-id=\"10\">\n    \n<div id=\"gdgallery_container_10\" style=\"display:none;\" data-view=\"justified\">\n            <a href=\"\" target=\"_blank\">\n            <img alt=\"\"\n                 data-type=\"image\"\n                 src=\"https:\/\/parafiasmardzewo.pl\/wp-content\/uploads\/2018\/11\/11_listopada1.jpg\"\n                 data-image=\"https:\/\/parafiasmardzewo.pl\/wp-content\/uploads\/2018\/11\/11_listopada1.jpg\"\n                 data-description=\"\"\n                                 style=\"display:block\">\n        <\/a>\n            <a href=\"\" target=\"_blank\">\n            <img alt=\"\"\n                 data-type=\"image\"\n                 src=\"https:\/\/parafiasmardzewo.pl\/wp-content\/uploads\/2018\/11\/11_listopada2.jpg\"\n                 data-image=\"https:\/\/parafiasmardzewo.pl\/wp-content\/uploads\/2018\/11\/11_listopada2.jpg\"\n                 data-description=\"\"\n                                 style=\"display:block\">\n        <\/a>\n            <a href=\"\" target=\"_blank\">\n            <img alt=\"\"\n                 data-type=\"image\"\n                 src=\"https:\/\/parafiasmardzewo.pl\/wp-content\/uploads\/2018\/11\/11_listopada3.jpg\"\n                 data-image=\"https:\/\/parafiasmardzewo.pl\/wp-content\/uploads\/2018\/11\/11_listopada3.jpg\"\n                 data-description=\"\"\n                                 style=\"display:block\">\n        <\/a>\n            <a href=\"\" target=\"_blank\">\n            <img alt=\"\"\n                 data-type=\"image\"\n                 src=\"https:\/\/parafiasmardzewo.pl\/wp-content\/uploads\/2018\/11\/11_listopada4.jpg\"\n                 data-image=\"https:\/\/parafiasmardzewo.pl\/wp-content\/uploads\/2018\/11\/11_listopada4.jpg\"\n                 data-description=\"\"\n                                 style=\"display:block\">\n        <\/a>\n            <a href=\"\" target=\"_blank\">\n            <img alt=\"\"\n                 data-type=\"image\"\n                 src=\"https:\/\/parafiasmardzewo.pl\/wp-content\/uploads\/2018\/11\/11_listopada5.jpg\"\n                 data-image=\"https:\/\/parafiasmardzewo.pl\/wp-content\/uploads\/2018\/11\/11_listopada5.jpg\"\n                 data-description=\"\"\n                                 style=\"display:block\">\n        <\/a>\n            <a href=\"\" target=\"_blank\">\n            <img alt=\"\"\n                 data-type=\"image\"\n                 src=\"https:\/\/parafiasmardzewo.pl\/wp-content\/uploads\/2018\/11\/11_listopada6.jpg\"\n                 data-image=\"https:\/\/parafiasmardzewo.pl\/wp-content\/uploads\/2018\/11\/11_listopada6.jpg\"\n                 data-description=\"\"\n                                 style=\"display:block\">\n        <\/a>\n            <a href=\"\" target=\"_blank\">\n            <img alt=\"\"\n                 data-type=\"image\"\n                 src=\"https:\/\/parafiasmardzewo.pl\/wp-content\/uploads\/2018\/11\/11_listopada7.jpg\"\n                 data-image=\"https:\/\/parafiasmardzewo.pl\/wp-content\/uploads\/2018\/11\/11_listopada7.jpg\"\n                 data-description=\"\"\n                                 style=\"display:block\">\n        <\/a>\n            <a href=\"\" target=\"_blank\">\n            <img alt=\"\"\n                 data-type=\"image\"\n                 src=\"https:\/\/parafiasmardzewo.pl\/wp-content\/uploads\/2018\/11\/11_listopada8.jpg\"\n                 data-image=\"https:\/\/parafiasmardzewo.pl\/wp-content\/uploads\/2018\/11\/11_listopada8.jpg\"\n                 data-description=\"\"\n                                 style=\"display:block\">\n        <\/a>\n            <a href=\"\" target=\"_blank\">\n            <img alt=\"\"\n                 data-type=\"image\"\n                 src=\"https:\/\/parafiasmardzewo.pl\/wp-content\/uploads\/2018\/11\/11_listopada9.jpg\"\n                 data-image=\"https:\/\/parafiasmardzewo.pl\/wp-content\/uploads\/2018\/11\/11_listopada9.jpg\"\n                 data-description=\"\"\n                                 style=\"display:block\">\n        <\/a>\n            <a href=\"\" target=\"_blank\">\n            <img alt=\"\"\n                 data-type=\"image\"\n                 src=\"https:\/\/parafiasmardzewo.pl\/wp-content\/uploads\/2018\/11\/11_listopada10.jpg\"\n                 data-image=\"https:\/\/parafiasmardzewo.pl\/wp-content\/uploads\/2018\/11\/11_listopada10.jpg\"\n                 data-description=\"\"\n                                 style=\"display:block\">\n        <\/a>\n            <a href=\"\" target=\"_blank\">\n            <img alt=\"\"\n                 data-type=\"image\"\n                 src=\"https:\/\/parafiasmardzewo.pl\/wp-content\/uploads\/2018\/11\/11_listopada11.jpg\"\n                 data-image=\"https:\/\/parafiasmardzewo.pl\/wp-content\/uploads\/2018\/11\/11_listopada11.jpg\"\n                 data-description=\"\"\n                                 style=\"display:block\">\n        <\/a>\n            <a href=\"\" target=\"_blank\">\n            <img alt=\"\"\n                 data-type=\"image\"\n                 src=\"https:\/\/parafiasmardzewo.pl\/wp-content\/uploads\/2018\/11\/11_listopada12.jpg\"\n                 data-image=\"https:\/\/parafiasmardzewo.pl\/wp-content\/uploads\/2018\/11\/11_listopada12.jpg\"\n                 data-description=\"\"\n                                 style=\"display:block\">\n        <\/a>\n            <a href=\"\" target=\"_blank\">\n            <img alt=\"\"\n                 data-type=\"image\"\n                 src=\"https:\/\/parafiasmardzewo.pl\/wp-content\/uploads\/2018\/11\/11_listopada13.jpg\"\n                 data-image=\"https:\/\/parafiasmardzewo.pl\/wp-content\/uploads\/2018\/11\/11_listopada13.jpg\"\n                 data-description=\"\"\n                                 style=\"display:block\">\n        <\/a>\n            <a href=\"\" target=\"_blank\">\n            <img alt=\"\"\n                 data-type=\"image\"\n                 src=\"https:\/\/parafiasmardzewo.pl\/wp-content\/uploads\/2018\/11\/11_listopada14.jpg\"\n                 data-image=\"https:\/\/parafiasmardzewo.pl\/wp-content\/uploads\/2018\/11\/11_listopada14.jpg\"\n                 data-description=\"\"\n                                 style=\"display:block\">\n        <\/a>\n            <a href=\"\" target=\"_blank\">\n            <img alt=\"\"\n                 data-type=\"image\"\n                 src=\"https:\/\/parafiasmardzewo.pl\/wp-content\/uploads\/2018\/11\/11_listopada15.jpg\"\n                 data-image=\"https:\/\/parafiasmardzewo.pl\/wp-content\/uploads\/2018\/11\/11_listopada15.jpg\"\n                 data-description=\"\"\n                                 style=\"display:block\">\n        <\/a>\n            <a href=\"\" target=\"_blank\">\n            <img alt=\"\"\n                 data-type=\"image\"\n                 src=\"https:\/\/parafiasmardzewo.pl\/wp-content\/uploads\/2018\/11\/11_listopada16.jpg\"\n                 data-image=\"https:\/\/parafiasmardzewo.pl\/wp-content\/uploads\/2018\/11\/11_listopada16.jpg\"\n                 data-description=\"\"\n                                 style=\"display:block\">\n        <\/a>\n            <a href=\"\" target=\"_blank\">\n            <img alt=\"\"\n                 data-type=\"image\"\n                 src=\"https:\/\/parafiasmardzewo.pl\/wp-content\/uploads\/2018\/11\/11_listopada17.jpg\"\n                 data-image=\"https:\/\/parafiasmardzewo.pl\/wp-content\/uploads\/2018\/11\/11_listopada17.jpg\"\n                 data-description=\"\"\n                                 style=\"display:block\">\n        <\/a>\n            <a href=\"\" target=\"_blank\">\n            <img alt=\"\"\n                 data-type=\"image\"\n                 src=\"https:\/\/parafiasmardzewo.pl\/wp-content\/uploads\/2018\/11\/11_listopada18.jpg\"\n                 data-image=\"https:\/\/parafiasmardzewo.pl\/wp-content\/uploads\/2018\/11\/11_listopada18.jpg\"\n                 data-description=\"\"\n                                 style=\"display:block\">\n        <\/a>\n            <a href=\"\" target=\"_blank\">\n            <img alt=\"\"\n                 data-type=\"image\"\n                 src=\"https:\/\/parafiasmardzewo.pl\/wp-content\/uploads\/2018\/11\/11_listopada19.jpg\"\n                 data-image=\"https:\/\/parafiasmardzewo.pl\/wp-content\/uploads\/2018\/11\/11_listopada19.jpg\"\n                 data-description=\"\"\n                                 style=\"display:block\">\n        <\/a>\n            <a href=\"\" target=\"_blank\">\n            <img alt=\"\"\n                 data-type=\"image\"\n                 src=\"https:\/\/parafiasmardzewo.pl\/wp-content\/uploads\/2018\/11\/11_listopada20.jpg\"\n                 data-image=\"https:\/\/parafiasmardzewo.pl\/wp-content\/uploads\/2018\/11\/11_listopada20.jpg\"\n                 data-description=\"\"\n                                 style=\"display:block\">\n        <\/a>\n            <a href=\"\" target=\"_blank\">\n            <img alt=\"\"\n                 data-type=\"image\"\n                 src=\"https:\/\/parafiasmardzewo.pl\/wp-content\/uploads\/2018\/11\/11_listopada21.jpg\"\n                 data-image=\"https:\/\/parafiasmardzewo.pl\/wp-content\/uploads\/2018\/11\/11_listopada21.jpg\"\n                 data-description=\"\"\n                                 style=\"display:block\">\n        <\/a>\n            <a href=\"\" target=\"_blank\">\n            <img alt=\"\"\n                 data-type=\"image\"\n                 src=\"https:\/\/parafiasmardzewo.pl\/wp-content\/uploads\/2018\/11\/11_listopada22.jpg\"\n                 data-image=\"https:\/\/parafiasmardzewo.pl\/wp-content\/uploads\/2018\/11\/11_listopada22.jpg\"\n                 data-description=\"\"\n                                 style=\"display:block\">\n        <\/a>\n    <\/div>\n\n\n\n<script type=\"text\/javascript\">\n    jQuery(document).ready(function () {\n        var container = jQuery(\"#gdgallery_container_10\");\n        container.unitegallery({\"gallery_theme\":\"justified\",\"tiles_type\":\"justified\",\"tiles_justified_space_between\":10,\"tile_enable_textpanel\":true,\"tile_textpanel_always_on\":true,\"tile_textpanel_title_text_align\":\"center\",\"tile_textpanel_title_font_size\":\"16\",\"tile_textpanel_title_color\":\"#FFFFFF\",\"tile_textpanel_bg_color\":\"#333333\",\"tile_textpanel_bg_opacity\":0.7,\"tile_enable_border\":true,\"tile_border_width\":\"0\",\"tile_border_color\":\"#333333\",\"tile_border_radius\":\"0\",\"tile_enable_overlay\":true,\"tile_enable_image_effect\":true,\"tile_image_effect_type\":\"blur\",\"tile_image_effect_reverse\":true,\"tile_enable_shadow\":false,\"tile_as_link\":false,\"tile_enable_icons\":true,\"tile_show_link_icon\":true,\"tile_textpanel_appear_type\":\"slide\",\"tile_textpanel_position\":\"inside_bottom\",\"tile_link_newpage\":true,\"lightbox_type\":\"wide\",\"lightbox_arrows_offset\":0,\"lightbox_overlay_color\":\"#000000\",\"lightbox_overlay_opacity\":1,\"lightbox_top_panel_opacity\":1,\"lightbox_show_numbers\":true,\"lightbox_numbers_size\":\"15\",\"lightbox_numbers_color\":\"#FFFFFF\",\"lightbox_slider_image_border_width\":\"0\",\"lightbox_slider_image_border_color\":\"#FFFFFF\",\"lightbox_slider_image_border_radius\":0,\"lightbox_slider_image_shadow\":true,\"lightbox_slider_control_swipe\":true,\"lightbox_slider_control_zoom\":true,\"lightbox_slider_image_border\":true,\"lightbox_show_textpanel\":true,\"lightbox_textpanel_enable_title\":true,\"lightbox_textpanel_enable_description\":false,\"lightbox_textpanel_padding_top\":5,\"lightbox_textpanel_padding_bottom\":5,\"lightbox_textpanel_padding_right\":5,\"lightbox_textpanel_padding_left\":5,\"lightbox_textpanel_title_color\":\"#FFFFFF\",\"lightbox_textpanel_title_text_align\":\"center\",\"lightbox_textpanel_title_font_size\":\"16\",\"lightbox_textpanel_desc_color\":\"#FFFFFF\",\"lightbox_textpanel_desc_text_align\":\"center\",\"lightbox_textpanel_desc_font_size\":\"14\"});\n    });\n<\/script><style>\n#gdgallery-container-10 {\n   text-align: center}\n\n.gdgallery-pagination-10{\ntext-align: center !important;\n}\n\n.gdgallery-pagination-10 a{\n    font-size: 15px !important;\n    padding: 8px 13px !important;\n    margin: 3px !important;\n    border: 1px solid #333333 !important;\n    border-radius: 0px !important;\n    color: #333333 !important;\n    background-color: #FFFFFF !important;\n    font-family: monospace !important;\n}\n\n.gdgallery-pagination-10 a:hover, .gdgallery-pagination-10 a.gdgallery-pagination-icon-active{\n    color: #FFFFFF !important;\n    background-color: #333333 !important;\n    border-color: #333333 !important;\n}\n\n#gdgallery-container-10 .gdgallery_load_more_space{\n    margin-top: 20px !important;\n    text-align: center !important;\n}\n\n#gdgallery-container-10 .gdgallery_load_more_space button{\n                      padding: 8px 13px !important;\n    font-size: 15px !important;\n    background-color: #333333 !important;\n    color: #FFFFFF !important;\n    border:1px solid #333333 !important;\n                      border-radius: 0px !important;\n                      font-family: monospace !important;\n                  }\n#gdgallery-container-10 .gdgallery_load_more_space button:hover{\n                      background-color: #FFFFFF !important;\n                      color: #333333 !important;\n                      border-color: #333333 !important;\n                  }\n\n#gdgallery-container-10 .gdgallery_load_more_space button,\n#gdgallery-container-10 .gdgallery_load_more_space button:hover,\n#gdgallery-container-10 .gdgallery_load_more_space button:active,\n#gdgallery-container-10 .gdgallery_load_more_space button:focus{\n    outline: none !important;\n}\n\n\n#gdgallery-container-10 .gdgallery_loading li{\n                      border: 3px solid #333333 !important;\n                  }\n\n.ug-lightbox .ug-lightbox-top-panel-overlay{\n    background-color: #000000 !important;\n}\n\n\n                  #gdgallery_container_10{}\n<\/style>\n\n\n\n<\/div>\n\n\n\n\n\n\n","protected":false},"excerpt":{"rendered":"","protected":false},"author":1,"featured_media":5246,"parent":4188,"menu_order":13,"comment_status":"closed","ping_status":"closed","template":"","meta":[],"_links":{"self":[{"href":"https:\/\/parafiasmardzewo.pl\/index.php?rest_route=\/wp\/v2\/pages\/5255"}],"collection":[{"href":"https:\/\/parafiasmardzewo.pl\/index.php?rest_route=\/wp\/v2\/pages"}],"about":[{"href":"https:\/\/parafiasmardzewo.pl\/index.php?rest_route=\/wp\/v2\/types\/page"}],"author":[{"embeddable":true,"href":"https:\/\/parafiasmardzewo.pl\/index.php?rest_route=\/wp\/v2\/users\/1"}],"replies":[{"embeddable":true,"href":"https:\/\/parafiasmardzewo.pl\/index.php?rest_route=%2Fwp%2Fv2%2Fcomments&post=5255"}],"version-history":[{"count":2,"href":"https:\/\/parafiasmardzewo.pl\/index.php?rest_route=\/wp\/v2\/pages\/5255\/revisions"}],"predecessor-version":[{"id":5265,"href":"https:\/\/parafiasmardzewo.pl\/index.php?rest_route=\/wp\/v2\/pages\/5255\/revisions\/5265"}],"up":[{"embeddable":true,"href":"https:\/\/parafiasmardzewo.pl\/index.php?rest_route=\/wp\/v2\/pages\/4188"}],"wp:featuredmedia":[{"embeddable":true,"href":"https:\/\/parafiasmardzewo.pl\/index.php?rest_route=\/wp\/v2\/media\/5246"}],"wp:attachment":[{"href":"https:\/\/parafiasmardzewo.pl\/index.php?rest_route=%2Fwp%2Fv2%2Fmedia&parent=5255"}],"curies":[{"name":"wp","href":"https:\/\/api.w.org\/{rel}","templated":true}]}}