{"id":71,"date":"2016-02-07T07:36:11","date_gmt":"2016-02-07T07:36:11","guid":{"rendered":"http:\/\/parafiasmardzewo.pl\/?page_id=71"},"modified":"2016-02-07T07:36:11","modified_gmt":"2016-02-07T07:36:11","slug":"nabozenstwa","status":"publish","type":"page","link":"https:\/\/parafiasmardzewo.pl\/?page_id=71","title":{"rendered":"Nabo\u017ce\u0144stwa"},"content":{"rendered":"<h1 style=\"text-align: center;\"><strong>Program Mszy \u015awi\u0119tych:<br \/>\n<\/strong><\/h1>\n<h3><strong>W niedziele i \u015bwi\u0119ta:<\/strong><\/h3>\n<ul>\n<li>\n<h4>godz.: 9.00, 10.45, 16.00 (opr\u00f3cz grudnia, stycznia, lutego);<\/h4>\n<\/li>\n<\/ul>\n<h3><strong>W\u00a0dni powszednie:<\/strong><\/h3>\n<ul>\n<li>\n<h4>od Wielkanocy do 1 X \u2013 18.00;<\/h4>\n<\/li>\n<li>\n<h4>od 1 X do Wielkanocy \u2013 16.00.<\/h4>\n<\/li>\n<\/ul>\n<h3><strong>Odpusty i uroczysto\u015bci:<\/strong><\/h3>\n<ul>\n<li>\n<h4>Zes\u0142anie Ducha \u015awi\u0119tego Msze \u015awi\u0119te: godz. 9.00, 12.00, 17.00;<\/h4>\n<\/li>\n<li>\n<h4>poniedzia\u0142ek po Zes\u0142aniu Ducha \u015awi\u0119tego \u2013 Matki Ko\u015bcio\u0142a: Msze \u015awi\u0119te: godz. 10.00 (namaszczenie chorych); 12.00; 16.00<\/h4>\n<\/li>\n<li>\n<h4>15 VIII \u2013 Wniebowzi\u0119cie NMP Msze \u015awi\u0119te: godz.: 9.00, 12.00, 17.00;<\/h4>\n<\/li>\n<li>\n<h4>8 IX \u2013 Narodzenie NMP Msze \u015awi\u0119te: godz.: 9.00, 12.00, 17.00;<\/h4>\n<\/li>\n<li>\n<h4>niedziela po 18 IX \u2013 \u015bw. Stanis\u0142awa Kostki Msze \u015awi\u0119te: godz.: 9.00,\u00a010.45,\u00a016.00;<\/h4>\n<\/li>\n<li>\n<h4>zjazd k\u00f3\u0142 r\u00f3\u017ca\u0144cowych: 1 lub 2 sobota pa\u017adziernika .<\/h4>\n<\/li>\n<\/ul>\n","protected":false},"excerpt":{"rendered":"<p>Program Mszy \u015awi\u0119tych: W niedziele i \u015bwi\u0119ta: godz.: 9.00, 10.45, 16.00 (opr\u00f3cz grudnia, stycznia, lutego); W\u00a0dni powszednie: od Wielkanocy do 1 X \u2013 18.00; od 1 X do Wielkanocy \u2013 16.00. Odpusty i uroczysto\u015bci: Zes\u0142anie Ducha \u015awi\u0119tego Msze \u015awi\u0119te: godz. 9.00, 12.00, 17.00; poniedzia\u0142ek po Zes\u0142aniu Ducha \u015awi\u0119tego \u2013 Matki Ko\u015bcio\u0142a: Msze \u015awi\u0119te: godz. 10.00 &hellip; <\/p>\n<p><a class=\"more-link btn\" href=\"https:\/\/parafiasmardzewo.pl\/?page_id=71\">Kontynuuj czytanie<\/a><\/p>\n","protected":false},"author":1,"featured_media":0,"parent":0,"menu_order":0,"comment_status":"open","ping_status":"open","template":"","meta":[],"_links":{"self":[{"href":"https:\/\/parafiasmardzewo.pl\/index.php?rest_route=\/wp\/v2\/pages\/71"}],"collection":[{"href":"https:\/\/parafiasmardzewo.pl\/index.php?rest_route=\/wp\/v2\/pages"}],"about":[{"href":"https:\/\/parafiasmardzewo.pl\/index.php?rest_route=\/wp\/v2\/types\/page"}],"author":[{"embeddable":true,"href":"https:\/\/parafiasmardzewo.pl\/index.php?rest_route=\/wp\/v2\/users\/1"}],"replies":[{"embeddable":true,"href":"https:\/\/parafiasmardzewo.pl\/index.php?rest_route=%2Fwp%2Fv2%2Fcomments&post=71"}],"version-history":[{"count":0,"href":"https:\/\/parafiasmardzewo.pl\/index.php?rest_route=\/wp\/v2\/pages\/71\/revisions"}],"wp:attachment":[{"href":"https:\/\/parafiasmardzewo.pl\/index.php?rest_route=%2Fwp%2Fv2%2Fmedia&parent=71"}],"curies":[{"name":"wp","href":"https:\/\/api.w.org\/{rel}","templated":true}]}}