{"id":829,"date":"2016-10-25T19:34:18","date_gmt":"2016-10-25T19:34:18","guid":{"rendered":"http:\/\/parafiasmardzewo.pl\/?page_id=829"},"modified":"2016-10-25T19:34:18","modified_gmt":"2016-10-25T19:34:18","slug":"relikwie-sw-siostry-faustyny-i-sw-jana-pawla-ii","status":"publish","type":"page","link":"https:\/\/parafiasmardzewo.pl\/?page_id=829","title":{"rendered":"Relikwie: \u015bw. Siostry Faustyny i \u015bw. Jana Paw\u0142a II"},"content":{"rendered":"\n\t\n\n\t\n    <script type='text\/javascript'>\n    jQuery(document).ready(function() {\n\t\tjQuery('#lightGallery0').lightGallery({\n\t\t\tdesc        : true,\n\t\t\tcaption     : true,\n\t\t\tmode   : 'slide'\n\t\t});\n    });\n    <\/script>\n\t\n\t<ul id='lightGallery0' class='easy_gallery_wp'>\n\t\t\t<li data-title='14_relikwief (23)' data-desc='' data-responsive-src='https:\/\/parafiasmardzewo.pl\/wp-content\/uploads\/2016\/10\/14_relikwief-234-300x199.jpg' data-src='https:\/\/parafiasmardzewo.pl\/wp-content\/uploads\/2016\/10\/14_relikwief-234-1024x680.jpg'>\n\t\t\t\t<div class='overlay_easy'><\/div>\n\t\t\t\t<div class='easy_icon_holder'>\n\t\t\t\t\t<span class='icon icon-awesome-plus'><\/span>\n\t\t\t\t<\/div>\n\t\t\t\t<a href='https:\/\/parafiasmardzewo.pl\/?attachment_id=852'><img width=\"150\" height=\"150\" src=\"https:\/\/parafiasmardzewo.pl\/wp-content\/uploads\/2016\/10\/14_relikwief-234-150x150.jpg\" class=\"attachment-thumbnail size-thumbnail\" alt=\"\" loading=\"lazy\" \/><\/a>\n\t\t\t<\/li>\n\t\t\t<li data-title='14_relikwief (22)' data-desc='' data-responsive-src='https:\/\/parafiasmardzewo.pl\/wp-content\/uploads\/2016\/10\/14_relikwief-224-300x199.jpg' data-src='https:\/\/parafiasmardzewo.pl\/wp-content\/uploads\/2016\/10\/14_relikwief-224-1024x680.jpg'>\n\t\t\t\t<div class='overlay_easy'><\/div>\n\t\t\t\t<div class='easy_icon_holder'>\n\t\t\t\t\t<span class='icon icon-awesome-plus'><\/span>\n\t\t\t\t<\/div>\n\t\t\t\t<a href='https:\/\/parafiasmardzewo.pl\/?attachment_id=851'><img width=\"150\" height=\"150\" src=\"https:\/\/parafiasmardzewo.pl\/wp-content\/uploads\/2016\/10\/14_relikwief-224-150x150.jpg\" class=\"attachment-thumbnail size-thumbnail\" alt=\"\" loading=\"lazy\" \/><\/a>\n\t\t\t<\/li>\n\t\t\t<li data-title='14_relikwief (20)' data-desc='' data-responsive-src='https:\/\/parafiasmardzewo.pl\/wp-content\/uploads\/2016\/10\/14_relikwief-204-300x199.jpg' data-src='https:\/\/parafiasmardzewo.pl\/wp-content\/uploads\/2016\/10\/14_relikwief-204-1024x680.jpg'>\n\t\t\t\t<div class='overlay_easy'><\/div>\n\t\t\t\t<div class='easy_icon_holder'>\n\t\t\t\t\t<span class='icon icon-awesome-plus'><\/span>\n\t\t\t\t<\/div>\n\t\t\t\t<a href='https:\/\/parafiasmardzewo.pl\/?attachment_id=849'><img width=\"150\" height=\"150\" src=\"https:\/\/parafiasmardzewo.pl\/wp-content\/uploads\/2016\/10\/14_relikwief-204-150x150.jpg\" class=\"attachment-thumbnail size-thumbnail\" alt=\"\" loading=\"lazy\" \/><\/a>\n\t\t\t<\/li>\n\t\t\t<li data-title='14_relikwief (21)' data-desc='' data-responsive-src='https:\/\/parafiasmardzewo.pl\/wp-content\/uploads\/2016\/10\/14_relikwief-214-199x300.jpg' data-src='https:\/\/parafiasmardzewo.pl\/wp-content\/uploads\/2016\/10\/14_relikwief-214-680x1024.jpg'>\n\t\t\t\t<div class='overlay_easy'><\/div>\n\t\t\t\t<div class='easy_icon_holder'>\n\t\t\t\t\t<span class='icon icon-awesome-plus'><\/span>\n\t\t\t\t<\/div>\n\t\t\t\t<a href='https:\/\/parafiasmardzewo.pl\/?attachment_id=850'><img width=\"150\" height=\"150\" src=\"https:\/\/parafiasmardzewo.pl\/wp-content\/uploads\/2016\/10\/14_relikwief-214-150x150.jpg\" class=\"attachment-thumbnail size-thumbnail\" alt=\"\" loading=\"lazy\" \/><\/a>\n\t\t\t<\/li>\n\t\t\t<li data-title='14_relikwief (19)' data-desc='' data-responsive-src='https:\/\/parafiasmardzewo.pl\/wp-content\/uploads\/2016\/10\/14_relikwief-194-300x199.jpg' data-src='https:\/\/parafiasmardzewo.pl\/wp-content\/uploads\/2016\/10\/14_relikwief-194-1024x680.jpg'>\n\t\t\t\t<div class='overlay_easy'><\/div>\n\t\t\t\t<div class='easy_icon_holder'>\n\t\t\t\t\t<span class='icon icon-awesome-plus'><\/span>\n\t\t\t\t<\/div>\n\t\t\t\t<a href='https:\/\/parafiasmardzewo.pl\/?attachment_id=848'><img width=\"150\" height=\"150\" src=\"https:\/\/parafiasmardzewo.pl\/wp-content\/uploads\/2016\/10\/14_relikwief-194-150x150.jpg\" class=\"attachment-thumbnail size-thumbnail\" alt=\"\" loading=\"lazy\" \/><\/a>\n\t\t\t<\/li>\n\t\t\t<li data-title='14_relikwief (17)' data-desc='' data-responsive-src='https:\/\/parafiasmardzewo.pl\/wp-content\/uploads\/2016\/10\/14_relikwief-174-300x199.jpg' data-src='https:\/\/parafiasmardzewo.pl\/wp-content\/uploads\/2016\/10\/14_relikwief-174-1024x680.jpg'>\n\t\t\t\t<div class='overlay_easy'><\/div>\n\t\t\t\t<div class='easy_icon_holder'>\n\t\t\t\t\t<span class='icon icon-awesome-plus'><\/span>\n\t\t\t\t<\/div>\n\t\t\t\t<a href='https:\/\/parafiasmardzewo.pl\/?attachment_id=846'><img width=\"150\" height=\"150\" src=\"https:\/\/parafiasmardzewo.pl\/wp-content\/uploads\/2016\/10\/14_relikwief-174-150x150.jpg\" class=\"attachment-thumbnail size-thumbnail\" alt=\"\" loading=\"lazy\" \/><\/a>\n\t\t\t<\/li>\n\t\t\t<li data-title='14_relikwief (18)' data-desc='' data-responsive-src='https:\/\/parafiasmardzewo.pl\/wp-content\/uploads\/2016\/10\/14_relikwief-184-300x199.jpg' data-src='https:\/\/parafiasmardzewo.pl\/wp-content\/uploads\/2016\/10\/14_relikwief-184-1024x680.jpg'>\n\t\t\t\t<div class='overlay_easy'><\/div>\n\t\t\t\t<div class='easy_icon_holder'>\n\t\t\t\t\t<span class='icon icon-awesome-plus'><\/span>\n\t\t\t\t<\/div>\n\t\t\t\t<a href='https:\/\/parafiasmardzewo.pl\/?attachment_id=847'><img width=\"150\" height=\"150\" src=\"https:\/\/parafiasmardzewo.pl\/wp-content\/uploads\/2016\/10\/14_relikwief-184-150x150.jpg\" class=\"attachment-thumbnail size-thumbnail\" alt=\"\" loading=\"lazy\" \/><\/a>\n\t\t\t<\/li>\n\t\t\t<li data-title='14_relikwief (16)' data-desc='' data-responsive-src='https:\/\/parafiasmardzewo.pl\/wp-content\/uploads\/2016\/10\/14_relikwief-164-300x199.jpg' data-src='https:\/\/parafiasmardzewo.pl\/wp-content\/uploads\/2016\/10\/14_relikwief-164-1024x680.jpg'>\n\t\t\t\t<div class='overlay_easy'><\/div>\n\t\t\t\t<div class='easy_icon_holder'>\n\t\t\t\t\t<span class='icon icon-awesome-plus'><\/span>\n\t\t\t\t<\/div>\n\t\t\t\t<a href='https:\/\/parafiasmardzewo.pl\/?attachment_id=845'><img width=\"150\" height=\"150\" src=\"https:\/\/parafiasmardzewo.pl\/wp-content\/uploads\/2016\/10\/14_relikwief-164-150x150.jpg\" class=\"attachment-thumbnail size-thumbnail\" alt=\"\" loading=\"lazy\" \/><\/a>\n\t\t\t<\/li>\n\t\t\t<li data-title='14_relikwief (15)' data-desc='' data-responsive-src='https:\/\/parafiasmardzewo.pl\/wp-content\/uploads\/2016\/10\/14_relikwief-154-199x300.jpg' data-src='https:\/\/parafiasmardzewo.pl\/wp-content\/uploads\/2016\/10\/14_relikwief-154-680x1024.jpg'>\n\t\t\t\t<div class='overlay_easy'><\/div>\n\t\t\t\t<div class='easy_icon_holder'>\n\t\t\t\t\t<span class='icon icon-awesome-plus'><\/span>\n\t\t\t\t<\/div>\n\t\t\t\t<a href='https:\/\/parafiasmardzewo.pl\/?attachment_id=844'><img width=\"150\" height=\"150\" src=\"https:\/\/parafiasmardzewo.pl\/wp-content\/uploads\/2016\/10\/14_relikwief-154-150x150.jpg\" class=\"attachment-thumbnail size-thumbnail\" alt=\"\" loading=\"lazy\" \/><\/a>\n\t\t\t<\/li>\n\t\t\t<li data-title='14_relikwief (14)' data-desc='' data-responsive-src='https:\/\/parafiasmardzewo.pl\/wp-content\/uploads\/2016\/10\/14_relikwief-144-199x300.jpg' data-src='https:\/\/parafiasmardzewo.pl\/wp-content\/uploads\/2016\/10\/14_relikwief-144-680x1024.jpg'>\n\t\t\t\t<div class='overlay_easy'><\/div>\n\t\t\t\t<div class='easy_icon_holder'>\n\t\t\t\t\t<span class='icon icon-awesome-plus'><\/span>\n\t\t\t\t<\/div>\n\t\t\t\t<a href='https:\/\/parafiasmardzewo.pl\/?attachment_id=843'><img width=\"150\" height=\"150\" src=\"https:\/\/parafiasmardzewo.pl\/wp-content\/uploads\/2016\/10\/14_relikwief-144-150x150.jpg\" class=\"attachment-thumbnail size-thumbnail\" alt=\"\" loading=\"lazy\" \/><\/a>\n\t\t\t<\/li>\n\t\t\t<li data-title='14_relikwief (13)' data-desc='' data-responsive-src='https:\/\/parafiasmardzewo.pl\/wp-content\/uploads\/2016\/10\/14_relikwief-134-300x199.jpg' data-src='https:\/\/parafiasmardzewo.pl\/wp-content\/uploads\/2016\/10\/14_relikwief-134-1024x680.jpg'>\n\t\t\t\t<div class='overlay_easy'><\/div>\n\t\t\t\t<div class='easy_icon_holder'>\n\t\t\t\t\t<span class='icon icon-awesome-plus'><\/span>\n\t\t\t\t<\/div>\n\t\t\t\t<a href='https:\/\/parafiasmardzewo.pl\/?attachment_id=842'><img width=\"150\" height=\"150\" src=\"https:\/\/parafiasmardzewo.pl\/wp-content\/uploads\/2016\/10\/14_relikwief-134-150x150.jpg\" class=\"attachment-thumbnail size-thumbnail\" alt=\"\" loading=\"lazy\" \/><\/a>\n\t\t\t<\/li>\n\t\t\t<li data-title='14_relikwief (12)' data-desc='' data-responsive-src='https:\/\/parafiasmardzewo.pl\/wp-content\/uploads\/2016\/10\/14_relikwief-124-300x199.jpg' data-src='https:\/\/parafiasmardzewo.pl\/wp-content\/uploads\/2016\/10\/14_relikwief-124-1024x680.jpg'>\n\t\t\t\t<div class='overlay_easy'><\/div>\n\t\t\t\t<div class='easy_icon_holder'>\n\t\t\t\t\t<span class='icon icon-awesome-plus'><\/span>\n\t\t\t\t<\/div>\n\t\t\t\t<a href='https:\/\/parafiasmardzewo.pl\/?attachment_id=841'><img width=\"150\" height=\"150\" src=\"https:\/\/parafiasmardzewo.pl\/wp-content\/uploads\/2016\/10\/14_relikwief-124-150x150.jpg\" class=\"attachment-thumbnail size-thumbnail\" alt=\"\" loading=\"lazy\" \/><\/a>\n\t\t\t<\/li>\n\t\t\t<li data-title='14_relikwief (10)' data-desc='' data-responsive-src='https:\/\/parafiasmardzewo.pl\/wp-content\/uploads\/2016\/10\/14_relikwief-104-300x199.jpg' data-src='https:\/\/parafiasmardzewo.pl\/wp-content\/uploads\/2016\/10\/14_relikwief-104-1024x680.jpg'>\n\t\t\t\t<div class='overlay_easy'><\/div>\n\t\t\t\t<div class='easy_icon_holder'>\n\t\t\t\t\t<span class='icon icon-awesome-plus'><\/span>\n\t\t\t\t<\/div>\n\t\t\t\t<a href='https:\/\/parafiasmardzewo.pl\/?attachment_id=839'><img width=\"150\" height=\"150\" src=\"https:\/\/parafiasmardzewo.pl\/wp-content\/uploads\/2016\/10\/14_relikwief-104-150x150.jpg\" class=\"attachment-thumbnail size-thumbnail\" alt=\"\" loading=\"lazy\" \/><\/a>\n\t\t\t<\/li>\n\t\t\t<li data-title='14_relikwief (11)' data-desc='' data-responsive-src='https:\/\/parafiasmardzewo.pl\/wp-content\/uploads\/2016\/10\/14_relikwief-117-300x199.jpg' data-src='https:\/\/parafiasmardzewo.pl\/wp-content\/uploads\/2016\/10\/14_relikwief-117-1024x680.jpg'>\n\t\t\t\t<div class='overlay_easy'><\/div>\n\t\t\t\t<div class='easy_icon_holder'>\n\t\t\t\t\t<span class='icon icon-awesome-plus'><\/span>\n\t\t\t\t<\/div>\n\t\t\t\t<a href='https:\/\/parafiasmardzewo.pl\/?attachment_id=840'><img width=\"150\" height=\"150\" src=\"https:\/\/parafiasmardzewo.pl\/wp-content\/uploads\/2016\/10\/14_relikwief-117-150x150.jpg\" class=\"attachment-thumbnail size-thumbnail\" alt=\"\" loading=\"lazy\" \/><\/a>\n\t\t\t<\/li>\n\t\t\t<li data-title='14_relikwief (9)' data-desc='' data-responsive-src='https:\/\/parafiasmardzewo.pl\/wp-content\/uploads\/2016\/10\/14_relikwief-94-300x199.jpg' data-src='https:\/\/parafiasmardzewo.pl\/wp-content\/uploads\/2016\/10\/14_relikwief-94-1024x680.jpg'>\n\t\t\t\t<div class='overlay_easy'><\/div>\n\t\t\t\t<div class='easy_icon_holder'>\n\t\t\t\t\t<span class='icon icon-awesome-plus'><\/span>\n\t\t\t\t<\/div>\n\t\t\t\t<a href='https:\/\/parafiasmardzewo.pl\/?attachment_id=838'><img width=\"150\" height=\"150\" src=\"https:\/\/parafiasmardzewo.pl\/wp-content\/uploads\/2016\/10\/14_relikwief-94-150x150.jpg\" class=\"attachment-thumbnail size-thumbnail\" alt=\"\" loading=\"lazy\" \/><\/a>\n\t\t\t<\/li>\n\t\t\t<li data-title='14_relikwief (7)' data-desc='' data-responsive-src='https:\/\/parafiasmardzewo.pl\/wp-content\/uploads\/2016\/10\/14_relikwief-74-300x199.jpg' data-src='https:\/\/parafiasmardzewo.pl\/wp-content\/uploads\/2016\/10\/14_relikwief-74-1024x680.jpg'>\n\t\t\t\t<div class='overlay_easy'><\/div>\n\t\t\t\t<div class='easy_icon_holder'>\n\t\t\t\t\t<span class='icon icon-awesome-plus'><\/span>\n\t\t\t\t<\/div>\n\t\t\t\t<a href='https:\/\/parafiasmardzewo.pl\/?attachment_id=836'><img width=\"150\" height=\"150\" src=\"https:\/\/parafiasmardzewo.pl\/wp-content\/uploads\/2016\/10\/14_relikwief-74-150x150.jpg\" class=\"attachment-thumbnail size-thumbnail\" alt=\"\" loading=\"lazy\" \/><\/a>\n\t\t\t<\/li>\n\t\t\t<li data-title='14_relikwief (8)' data-desc='' data-responsive-src='https:\/\/parafiasmardzewo.pl\/wp-content\/uploads\/2016\/10\/14_relikwief-84-300x199.jpg' data-src='https:\/\/parafiasmardzewo.pl\/wp-content\/uploads\/2016\/10\/14_relikwief-84-1024x680.jpg'>\n\t\t\t\t<div class='overlay_easy'><\/div>\n\t\t\t\t<div class='easy_icon_holder'>\n\t\t\t\t\t<span class='icon icon-awesome-plus'><\/span>\n\t\t\t\t<\/div>\n\t\t\t\t<a href='https:\/\/parafiasmardzewo.pl\/?attachment_id=837'><img width=\"150\" height=\"150\" src=\"https:\/\/parafiasmardzewo.pl\/wp-content\/uploads\/2016\/10\/14_relikwief-84-150x150.jpg\" class=\"attachment-thumbnail size-thumbnail\" alt=\"\" loading=\"lazy\" \/><\/a>\n\t\t\t<\/li>\n\t\t\t<li data-title='14_relikwief (6)' data-desc='' data-responsive-src='https:\/\/parafiasmardzewo.pl\/wp-content\/uploads\/2016\/10\/14_relikwief-64-300x199.jpg' data-src='https:\/\/parafiasmardzewo.pl\/wp-content\/uploads\/2016\/10\/14_relikwief-64-1024x680.jpg'>\n\t\t\t\t<div class='overlay_easy'><\/div>\n\t\t\t\t<div class='easy_icon_holder'>\n\t\t\t\t\t<span class='icon icon-awesome-plus'><\/span>\n\t\t\t\t<\/div>\n\t\t\t\t<a href='https:\/\/parafiasmardzewo.pl\/?attachment_id=835'><img width=\"150\" height=\"150\" src=\"https:\/\/parafiasmardzewo.pl\/wp-content\/uploads\/2016\/10\/14_relikwief-64-150x150.jpg\" class=\"attachment-thumbnail size-thumbnail\" alt=\"\" loading=\"lazy\" \/><\/a>\n\t\t\t<\/li>\n\t\t\t<li data-title='14_relikwief (4)' data-desc='' data-responsive-src='https:\/\/parafiasmardzewo.pl\/wp-content\/uploads\/2016\/10\/14_relikwief-44-300x199.jpg' data-src='https:\/\/parafiasmardzewo.pl\/wp-content\/uploads\/2016\/10\/14_relikwief-44-1024x680.jpg'>\n\t\t\t\t<div class='overlay_easy'><\/div>\n\t\t\t\t<div class='easy_icon_holder'>\n\t\t\t\t\t<span class='icon icon-awesome-plus'><\/span>\n\t\t\t\t<\/div>\n\t\t\t\t<a href='https:\/\/parafiasmardzewo.pl\/?attachment_id=833'><img width=\"150\" height=\"150\" src=\"https:\/\/parafiasmardzewo.pl\/wp-content\/uploads\/2016\/10\/14_relikwief-44-150x150.jpg\" class=\"attachment-thumbnail size-thumbnail\" alt=\"\" loading=\"lazy\" \/><\/a>\n\t\t\t<\/li>\n\t\t\t<li data-title='14_relikwief (5)' data-desc='' data-responsive-src='https:\/\/parafiasmardzewo.pl\/wp-content\/uploads\/2016\/10\/14_relikwief-54-300x199.jpg' data-src='https:\/\/parafiasmardzewo.pl\/wp-content\/uploads\/2016\/10\/14_relikwief-54-1024x680.jpg'>\n\t\t\t\t<div class='overlay_easy'><\/div>\n\t\t\t\t<div class='easy_icon_holder'>\n\t\t\t\t\t<span class='icon icon-awesome-plus'><\/span>\n\t\t\t\t<\/div>\n\t\t\t\t<a href='https:\/\/parafiasmardzewo.pl\/?attachment_id=834'><img width=\"150\" height=\"150\" src=\"https:\/\/parafiasmardzewo.pl\/wp-content\/uploads\/2016\/10\/14_relikwief-54-150x150.jpg\" class=\"attachment-thumbnail size-thumbnail\" alt=\"\" loading=\"lazy\" \/><\/a>\n\t\t\t<\/li>\n\t\t\t<li data-title='14_relikwief (3)' data-desc='' data-responsive-src='https:\/\/parafiasmardzewo.pl\/wp-content\/uploads\/2016\/10\/14_relikwief-34-300x199.jpg' data-src='https:\/\/parafiasmardzewo.pl\/wp-content\/uploads\/2016\/10\/14_relikwief-34-1024x680.jpg'>\n\t\t\t\t<div class='overlay_easy'><\/div>\n\t\t\t\t<div class='easy_icon_holder'>\n\t\t\t\t\t<span class='icon icon-awesome-plus'><\/span>\n\t\t\t\t<\/div>\n\t\t\t\t<a href='https:\/\/parafiasmardzewo.pl\/?attachment_id=832'><img width=\"150\" height=\"150\" src=\"https:\/\/parafiasmardzewo.pl\/wp-content\/uploads\/2016\/10\/14_relikwief-34-150x150.jpg\" class=\"attachment-thumbnail size-thumbnail\" alt=\"\" loading=\"lazy\" \/><\/a>\n\t\t\t<\/li>\n\t\t\t<li data-title='14_relikwief' data-desc='' data-responsive-src='https:\/\/parafiasmardzewo.pl\/wp-content\/uploads\/2016\/10\/14_relikwief-116-300x199.jpg' data-src='https:\/\/parafiasmardzewo.pl\/wp-content\/uploads\/2016\/10\/14_relikwief-116-1024x680.jpg'>\n\t\t\t\t<div class='overlay_easy'><\/div>\n\t\t\t\t<div class='easy_icon_holder'>\n\t\t\t\t\t<span class='icon icon-awesome-plus'><\/span>\n\t\t\t\t<\/div>\n\t\t\t\t<a href='https:\/\/parafiasmardzewo.pl\/?attachment_id=830'><img width=\"150\" height=\"150\" src=\"https:\/\/parafiasmardzewo.pl\/wp-content\/uploads\/2016\/10\/14_relikwief-116-150x150.jpg\" class=\"attachment-thumbnail size-thumbnail\" alt=\"\" loading=\"lazy\" \/><\/a>\n\t\t\t<\/li>\n\t\t\t<li data-title='14_relikwief (2)' data-desc='' data-responsive-src='https:\/\/parafiasmardzewo.pl\/wp-content\/uploads\/2016\/10\/14_relikwief-27-300x199.jpg' data-src='https:\/\/parafiasmardzewo.pl\/wp-content\/uploads\/2016\/10\/14_relikwief-27-1024x680.jpg'>\n\t\t\t\t<div class='overlay_easy'><\/div>\n\t\t\t\t<div class='easy_icon_holder'>\n\t\t\t\t\t<span class='icon icon-awesome-plus'><\/span>\n\t\t\t\t<\/div>\n\t\t\t\t<a href='https:\/\/parafiasmardzewo.pl\/?attachment_id=831'><img width=\"150\" height=\"150\" src=\"https:\/\/parafiasmardzewo.pl\/wp-content\/uploads\/2016\/10\/14_relikwief-27-150x150.jpg\" class=\"attachment-thumbnail size-thumbnail\" alt=\"\" loading=\"lazy\" \/><\/a>\n\t\t\t<\/li>\n\t\t<\/ul>\n\n","protected":false},"excerpt":{"rendered":"","protected":false},"author":1,"featured_media":850,"parent":555,"menu_order":5,"comment_status":"closed","ping_status":"open","template":"","meta":[],"_links":{"self":[{"href":"https:\/\/parafiasmardzewo.pl\/index.php?rest_route=\/wp\/v2\/pages\/829"}],"collection":[{"href":"https:\/\/parafiasmardzewo.pl\/index.php?rest_route=\/wp\/v2\/pages"}],"about":[{"href":"https:\/\/parafiasmardzewo.pl\/index.php?rest_route=\/wp\/v2\/types\/page"}],"author":[{"embeddable":true,"href":"https:\/\/parafiasmardzewo.pl\/index.php?rest_route=\/wp\/v2\/users\/1"}],"replies":[{"embeddable":true,"href":"https:\/\/parafiasmardzewo.pl\/index.php?rest_route=%2Fwp%2Fv2%2Fcomments&post=829"}],"version-history":[{"count":0,"href":"https:\/\/parafiasmardzewo.pl\/index.php?rest_route=\/wp\/v2\/pages\/829\/revisions"}],"up":[{"embeddable":true,"href":"https:\/\/parafiasmardzewo.pl\/index.php?rest_route=\/wp\/v2\/pages\/555"}],"wp:featuredmedia":[{"embeddable":true,"href":"https:\/\/parafiasmardzewo.pl\/index.php?rest_route=\/wp\/v2\/media\/850"}],"wp:attachment":[{"href":"https:\/\/parafiasmardzewo.pl\/index.php?rest_route=%2Fwp%2Fv2%2Fmedia&parent=829"}],"curies":[{"name":"wp","href":"https:\/\/api.w.org\/{rel}","templated":true}]}}