{"id":95,"date":"2016-02-07T09:31:00","date_gmt":"2016-02-07T09:31:00","guid":{"rendered":"http:\/\/parafiasmardzewo.pl\/?page_id=95"},"modified":"2016-11-29T10:07:48","modified_gmt":"2016-11-29T09:07:48","slug":"sakrament-malzenstwa","status":"publish","type":"page","link":"https:\/\/parafiasmardzewo.pl\/?page_id=95","title":{"rendered":"Sakrament Ma\u0142\u017ce\u0144stwa"},"content":{"rendered":"<p style=\"text-align: justify;\"><a href=\"http:\/\/parafiasmardzewo.pl\/wp-content\/uploads\/2016\/02\/slub.jpg\"><img loading=\"lazy\" class=\"alignnone size-medium wp-image-222\" src=\"http:\/\/parafiasmardzewo.pl\/wp-content\/uploads\/2016\/02\/slub-300x200.jpg\" alt=\"slub\" width=\"300\" height=\"200\" \/><\/a><br \/>\n<script type=\"text\/javascript\">\/\/ <![CDATA[\nfunction pokarz(co) {\nvar liczbaPaneli = 13;\n     do {\n            var panel = document.getElementById(\"o\"+liczbaPaneli);\n            if (co == liczbaPaneli)\n                 panel.style.display = \"initial\";\n            else\n                 panel.style.display = \"none\";\n         liczbaPaneli--;\n     }\n     while (liczbaPaneli>0)\n  }\n\/\/ ]]><\/script><\/p>\n<h3 style=\"text-align: justify;\">\u201e(&#8230;) dlatego opu\u015bci cz\u0142owiek swego ojca i\u00a0matk\u0119 i\u00a0z\u0142\u0105czy si\u0119 ze swoj\u0105 \u017con\u0105, i\u00a0b\u0119d\u0105 dwoje jednym cia\u0142em. A tak nie s\u0105 ju\u017c dwoje, ale jedno cia\u0142o. Co wi\u0119c B\u00f3g z\u0142\u0105czy\u0142, tego niech cz\u0142owiek nie rozdziela&#8221; (Mk 10, 7-9). Ma\u0142\u017ce\u0144stwo, zwi\u0105zek kobiety i\u00a0m\u0119\u017cczyzny, jest obrazem mi\u0142o\u015bci Chrystusa i\u00a0Ko\u015bcio\u0142a zrodzonego na krzy\u017cu. Ma\u0142\u017ce\u0144stwo jako sakrament zawieraj\u0105 sami narzeczeni, a\u00a0kap\u0142an tylko odbiera od nich przysi\u0119g\u0119, potwierdza zawarty zwi\u0105zek w\u00a0imieniu Ko\u015bcio\u0142a i\u00a0b\u0142ogos\u0142awi. W obrz\u0119dzie sakramentu ma\u0142\u017ce\u0144stwa najwa\u017cniejsza jest przysi\u0119ga, kt\u00f3ra sk\u0142adaj\u0105 sobie narzeczeni wobec Boga na r\u0119ce kap\u0142ana w\u00a0obecno\u015bci przynajmniej dw\u00f3ch \u015bwiadk\u00f3w: <b>\u201eJa (N) bior\u0119 ciebie (N) za \u017con\u0119 (m\u0119\u017ca) i\u00a0\u015blubuj\u0119 ci mi\u0142o\u015b\u0107, wierno\u015b\u0107 i\u00a0uczciwo\u015b\u0107 ma\u0142\u017ce\u0144sk\u0105 oraz \u017ce ci\u0119 nie opuszcz\u0119 a\u017c do \u015bmierci. Tak mi dopom\u00f3\u017c Panie Bo\u017ce wszechmog\u0105cy, w\u00a0Tr\u00f3jcy Jedyny i\u00a0wszyscy \u015awi\u0119ci\u201d.<\/b><\/h3>\n<h3 style=\"text-align: justify;\">Narzeczeni powinni zg\u0142osi\u0107 si\u0119 do kancelarii parafialnej przynajmniej na 3 miesi\u0105ce przed planowanym terminem \u015blubu.<\/h3>\n<h3 style=\"text-align: justify;\"><\/h3>\n<h3 style=\"text-align: justify;\"><b>Potrzebne dokumenty:<\/b><\/h3>\n<ul style=\"text-align: justify;\">\n<li style=\"text-align: justify;\">\n<h3>metryka chrztu \u015bw. &#8211; wa\u017cna 3 miesi\u0105ce;<\/h3>\n<\/li>\n<li style=\"text-align: justify;\">\n<h3>\u015bwiadectwo bierzmowania;<\/h3>\n<\/li>\n<li style=\"text-align: justify;\">\n<h3>\u015bwiadectwo uko\u0144czenia szkolnej katechizacji przedma\u0142\u017ce\u0144skiej;<\/h3>\n<\/li>\n<li style=\"text-align: justify;\">\n<h3>dow\u00f3d osobisty;<\/h3>\n<\/li>\n<li style=\"text-align: justify;\">\n<h3>za\u015bwiadczenie stwierdzaj\u0105ce stan wolny z\u00a0USC &#8211; wa\u017cne 3 miesi\u0105ce (gdy zawierany jest \u015blub tzw. konkordatowy);<\/h3>\n<\/li>\n<li style=\"text-align: justify;\">\n<h3>narzeczeni, po zg\u0142oszeniu si\u0119 w\u00a0kancelarii, zobowi\u0105zani s\u0105 uczestniczy\u0107 w\u00a0kursie przed\u015blubnym oraz w czterech spotkaniach w\u00a0poradni rodzinnej, poda\u0107 imi\u0119 i\u00a0nazwisko, wiek oraz adres dw\u00f3ch \u015bwiadk\u00f3w \u015blubu.<\/h3>\n<\/li>\n<\/ul>\n<div id=\"o13\" style=\"display: none;\">\n<p style=\"text-align: justify;\"><b>1659<\/b> <i>\u015awi\u0119ty Pawe\u0142 m\u00f3wi: \u201eM\u0119\u017cowie, mi\u0142ujcie \u017cony, bo i\u00a0Chrystus umi\u0142owa\u0142 Ko\u015bci\u00f3\u0142&#8230; Tajemnica to wielka, a\u00a0ja m\u00f3wi\u0119 w\u00a0odniesieniu do Chrystusa i\u00a0do Ko\u015bcio\u0142a\u201d (Ef 5, 25. 32).<\/i><\/p>\n<p style=\"text-align: justify;\"><b>1660<\/b> <i>Przymierze ma\u0142\u017ce\u0144skie, przez kt\u00f3re m\u0119\u017cczyzna i\u00a0kobieta stanowi\u0105 mi\u0119dzy sob\u0105 wewn\u0119trzn\u0105 wsp\u00f3lnot\u0119 \u017cycia i\u00a0mi\u0142o\u015bci, powsta\u0142o z\u00a0woli Stw\u00f3rcy, kt\u00f3ry wyposa\u017cy\u0142 je we w\u0142asne prawa. Z\u00a0natury jest ono nastawione na dobro wsp\u00f3\u0142ma\u0142\u017conk\u00f3w, a\u00a0tak\u017ce na zrodzenie i\u00a0wychowanie potomstwa. Ma\u0142\u017ce\u0144stwo ochrzczonych zosta\u0142o podniesione przez Chrystusa Pana do godno\u015bci sakramentu<\/i>.<\/p>\n<p style=\"text-align: justify;\"><b>1661<\/b> <i>Sakrament ma\u0142\u017ce\u0144stwa jest znakiem zwi\u0105zku Chrystusa i\u00a0Ko\u015bcio\u0142a. Udziela on ma\u0142\u017conkom \u0142aski mi\u0142owania si\u0119 wzajemnie t\u0105 mi\u0142o\u015bci\u0105, jak\u0105 Chrystus umi\u0142owa\u0142 Ko\u015bci\u00f3\u0142. \u0141aska sakramentu udoskonala zatem ludzk\u0105 mi\u0142o\u015b\u0107 ma\u0142\u017conk\u00f3w, umacnia ich nierozerwaln\u0105 jedno\u015b\u0107 i\u00a0u\u015bwi\u0119ca ich na drodze do \u017cycia wiecznego<\/i>.<\/p>\n<p style=\"text-align: justify;\"><b>1662<\/b> <i>Ma\u0142\u017ce\u0144stwo opiera si\u0119 na zgodzie obu stron, to znaczy na woli wzajemnego i\u00a0trwa\u0142ego oddania si\u0119 sobie w\u00a0celu prze\u017cywania przymierza wiernej i\u00a0p\u0142odnej mi\u0142o\u015bci.<\/i><\/p>\n<p style=\"text-align: justify;\"><b>1663<\/b> <i>Skoro ma\u0142\u017ce\u0144stwo ustanawia ma\u0142\u017conk\u00f3w w\u00a0pewnym publicznym stanie \u017cycia w\u00a0Ko\u015bciele, powinno by\u0107 zawierane publicznie, w\u00a0ramach celebracji liturgicznej, wobec kap\u0142ana (lub upowa\u017cnionego \u015bwiadka Ko\u015bcio\u0142a) oraz \u015bwiadk\u00f3w i\u00a0zgromadzenia wiernych.<\/i><\/p>\n<p style=\"text-align: justify;\"><b>1664<\/b><i> Do istoty ma\u0142\u017ce\u0144stwa nale\u017cy jedno\u015b\u0107, nierozerwalno\u015b\u0107 i\u00a0otwarto\u015b\u0107 na p\u0142odno\u015b\u0107. Poligamia jest przeciwna jedno\u015bci ma\u0142\u017ce\u0144stwa; rozw\u00f3d roz\u0142\u0105cza to, co B\u00f3g z\u0142\u0105czy\u0142. Odrzucenie p\u0142odno\u015bci pozbawia \u017cycie ma\u0142\u017ce\u0144skie dziecka, kt\u00f3re jest \u201enajcenniejszym darem ma\u0142\u017ce\u0144stwa\u201d<\/i>.<\/p>\n<p style=\"text-align: justify;\"><b>1665<\/b><i> Dop\u00f3ki \u017cyje prawowity wsp\u00f3\u0142ma\u0142\u017conek, zawarcie powt\u00f3rnego zwi\u0105zku przez rozwiedzionych sprzeciwia si\u0119 zmys\u0142owi i\u00a0prawu Bo\u017cemu, jak tego naucza\u0142 Chrystus. Osoby rozwiedzione zawieraj\u0105ce nowy zwi\u0105zek nie s\u0105 wy\u0142\u0105czone z\u00a0Ko\u015bcio\u0142a, ale nie mog\u0105 przyst\u0119powa\u0107 do Komunii \u015bwi\u0119tej. Powinny one prowadzi\u0107 \u017cycie chrze\u015bcija\u0144skie, zw\u0142aszcza wychowuj\u0105c swoje dzieci w\u00a0wierze.<\/i><\/p>\n<div style=\"text-align: justify;\"><b>1666<\/b> <i>Chrze\u015bcija\u0144ski dom rodzinny jest miejscem, gdzie dzieci otrzymuj\u0105 pierwsze g\u0142oszenie wiary. Dlatego dom rodzinny s\u0142usznie jest nazywany \u201eKo\u015bcio\u0142em domowym\u201d, wsp\u00f3lnot\u0105 \u0142aski i\u00a0modlitwy, szko\u0142\u0105 cn\u00f3t ludzkich i\u00a0mi\u0142o\u015bci chrze\u015bcija\u0144skiej.<\/i><\/div>\n<\/div>\n","protected":false},"excerpt":{"rendered":"<p>\u201e(&#8230;) dlatego opu\u015bci cz\u0142owiek swego ojca i\u00a0matk\u0119 i\u00a0z\u0142\u0105czy si\u0119 ze swoj\u0105 \u017con\u0105, i\u00a0b\u0119d\u0105 dwoje jednym cia\u0142em. A tak nie s\u0105 ju\u017c dwoje, ale jedno cia\u0142o. Co wi\u0119c B\u00f3g z\u0142\u0105czy\u0142, tego niech cz\u0142owiek nie rozdziela&#8221; (Mk 10, 7-9). Ma\u0142\u017ce\u0144stwo, zwi\u0105zek kobiety i\u00a0m\u0119\u017cczyzny, jest obrazem mi\u0142o\u015bci Chrystusa i\u00a0Ko\u015bcio\u0142a zrodzonego na krzy\u017cu. Ma\u0142\u017ce\u0144stwo jako sakrament zawieraj\u0105 sami narzeczeni, &hellip; <\/p>\n<p><a class=\"more-link btn\" href=\"https:\/\/parafiasmardzewo.pl\/?page_id=95\">Kontynuuj czytanie<\/a><\/p>\n","protected":false},"author":1,"featured_media":222,"parent":90,"menu_order":7,"comment_status":"closed","ping_status":"closed","template":"","meta":[],"_links":{"self":[{"href":"https:\/\/parafiasmardzewo.pl\/index.php?rest_route=\/wp\/v2\/pages\/95"}],"collection":[{"href":"https:\/\/parafiasmardzewo.pl\/index.php?rest_route=\/wp\/v2\/pages"}],"about":[{"href":"https:\/\/parafiasmardzewo.pl\/index.php?rest_route=\/wp\/v2\/types\/page"}],"author":[{"embeddable":true,"href":"https:\/\/parafiasmardzewo.pl\/index.php?rest_route=\/wp\/v2\/users\/1"}],"replies":[{"embeddable":true,"href":"https:\/\/parafiasmardzewo.pl\/index.php?rest_route=%2Fwp%2Fv2%2Fcomments&post=95"}],"version-history":[{"count":6,"href":"https:\/\/parafiasmardzewo.pl\/index.php?rest_route=\/wp\/v2\/pages\/95\/revisions"}],"predecessor-version":[{"id":2994,"href":"https:\/\/parafiasmardzewo.pl\/index.php?rest_route=\/wp\/v2\/pages\/95\/revisions\/2994"}],"up":[{"embeddable":true,"href":"https:\/\/parafiasmardzewo.pl\/index.php?rest_route=\/wp\/v2\/pages\/90"}],"wp:featuredmedia":[{"embeddable":true,"href":"https:\/\/parafiasmardzewo.pl\/index.php?rest_route=\/wp\/v2\/media\/222"}],"wp:attachment":[{"href":"https:\/\/parafiasmardzewo.pl\/index.php?rest_route=%2Fwp%2Fv2%2Fmedia&parent=95"}],"curies":[{"name":"wp","href":"https:\/\/api.w.org\/{rel}","templated":true}]}}