{"id":97,"date":"2016-02-07T09:31:32","date_gmt":"2016-02-07T09:31:32","guid":{"rendered":"http:\/\/parafiasmardzewo.pl\/?page_id=97"},"modified":"2016-11-27T11:25:30","modified_gmt":"2016-11-27T10:25:30","slug":"sakrament-bierzmowania","status":"publish","type":"page","link":"https:\/\/parafiasmardzewo.pl\/?page_id=97","title":{"rendered":"Sakrament Bierzmowania"},"content":{"rendered":"<p style=\"text-align: justify;\"><script type=\"text\/javascript\">\/\/ <![CDATA[\nfunction pokarz(co) {\nvar liczbaPaneli = 6;\n     do {\n            var panel = document.getElementById(\"o\"+liczbaPaneli);\n            if (co == liczbaPaneli)\n                 panel.style.display = \"initial\";\n            else\n                 panel.style.display = \"none\";\n         liczbaPaneli--;\n     }\n     while (liczbaPaneli>0)\n  }\n\/\/ ]]><\/script><\/p>\n<p style=\"text-align: justify;\"><a href=\"http:\/\/parafiasmardzewo.pl\/wp-content\/uploads\/2016\/02\/bierzmowanie19.jpg\"><img loading=\"lazy\" class=\"alignnone size-medium wp-image-203\" src=\"http:\/\/parafiasmardzewo.pl\/wp-content\/uploads\/2016\/02\/bierzmowanie19-300x199.jpg\" alt=\"bierzmowanie19\" width=\"300\" height=\"199\" \/><\/a><\/p>\n<h3 style=\"text-align: justify;\" align=\"center\">Jezus przed swym publicznym wyst\u0105pieniem zosta\u0142 \u201enamaszczony\u201d Duchem \u015awi\u0119tym. Podobnie Ko\u015bci\u00f3\u0142 Chrystusowy, zrodzony na krzy\u017cu, otrzyma\u0142 w\u00a0dniu Zes\u0142ania Ducha \u015awi\u0119tego \u201eMoc z\u00a0wysoko\u015bci\u201d. Ka\u017cdy ochrzczony, gdy dorasta, otrzymuje w\u00a0sakramencie bierzmowania siedem dar\u00f3w Ducha \u015awi\u0119tego (m\u0105dro\u015b\u0107, rozum, rada, m\u0119stwo, umiej\u0119tno\u015b\u0107, pobo\u017cno\u015b\u0107, boja\u017a\u0144 bo\u017ca). W sakramencie bierzmowania chrze\u015bcijanin zostaje powo\u0142any do odpowiedzialno\u015bci za Ko\u015bci\u00f3\u0142 i\u00a0za innych ludzi. Jest powo\u0142any do apostolstwa i\u00a0odwa\u017cnego wyznawania Chrystusa swoim \u017cyciem. Dlatego te\u017c bierzmowanie nazywane jest sakramentem dojrza\u0142o\u015bci chrze\u015bcija\u0144ski. Sakrament bierzmowania udzielany jest zazwyczaj przez biskupa, kt\u00f3ry mo\u017ce delegowa\u0107 dowolnego prezbitera. Sakrament bierzmowania przyjmuj\u0105 zazwyczaj uczniowie klas III gimnazjum.<\/h3>\n<h3 style=\"text-align: justify;\"><\/h3>\n<h3 style=\"text-align: justify;\"><b>Potrzebne dokumenty:<\/b><\/h3>\n<ul style=\"text-align: justify;\">\n<li style=\"text-align: justify;\">\n<h3>metryka chrztu;<\/h3>\n<\/li>\n<li style=\"text-align: justify;\">\n<h3>za\u015bwiadczenie o\u00a0uczestnictwie w\u00a0katechezie szkolnej lub ostatnie \u015bwiadectwo katechizacji oraz opinia katechety;<\/h3>\n<\/li>\n<li style=\"text-align: justify;\">\n<h3>udokumentowane praktyki religijne w\u00a0indeksie bierzmowanego;<\/h3>\n<\/li>\n<li>\n<h3 style=\"text-align: justify;\">w przypadku os\u00f3b starszych &#8211; \u015bwiadectwo uko\u0144czenia katechizacji szkolnej.<\/h3>\n<\/li>\n<\/ul>\n<div id=\"o6\" style=\"display: none;\">\n<p style=\"text-align: justify;\"><b>1315<\/b> \u201eKiedy Aposto\u0142owie w Jerozolimie dowiedzieli si\u0119, \u017ce Samaria przyj\u0119\u0142a s\u0142owo Bo\u017ce, wys\u0142ali do niej Piotra i Jana, kt\u00f3rzy przyszli i modlili si\u0119 za nich, aby mogli otrzyma\u0107 Ducha \u015awi\u0119tego. Bo na \u017cadnego z nich jeszcze nie zst\u0105pi\u0142. Byli jedynie ochrzczeni w imi\u0119 Pana Jezusa. Wtedy wi\u0119c wk\u0142adali Aposto\u0142owie na nich r\u0119ce, a oni otrzymywali Ducha \u015awi\u0119tego\u201d (Dz 8,14-17).<\/p>\n<p style=\"text-align: justify;\"><b>1316<\/b> Bierzmowanie udoskonala \u0142ask\u0119 chrztu; jest ono sakramentem, kt\u00f3ry daje Ducha \u015awi\u0119tego, aby g\u0142\u0119biej zakorzeni\u0107 nas w synostwie Bo\u017cym, \u015bci\u015blej wszczepi\u0107 w Chrystusa, umocni\u0107 nasz\u0105 wi\u0119\u017a z Ko\u015bcio\u0142em, w\u0142\u0105czy\u0107 nas bardziej do jego pos\u0142ania i pom\u00f3c w \u015bwiadczeniu o wierze chrze\u015bcija\u0144skiej s\u0142owem, kt\u00f3remu towarzysz\u0105 czyny.<\/p>\n<p style=\"text-align: justify;\"><b>1317<\/b> Bierzmowanie podobnie jak chrzest wyciska w duszy chrze\u015bcijanina duchowe znami\u0119, czyli niezatarty charakter. Dlatego ten sakrament mo\u017cna przyj\u0105\u0107 tylko raz w \u017cyciu.<\/p>\n<p style=\"text-align: justify;\"><b>1318<\/b> Na Wschodzie sakramentu bierzmowania udziela si\u0119 bezpo\u015brednio po chrzcie, a po nim nast\u0119puje uczestnictwo w Eucharystii. Ta tradycja uwypukla jedno\u015b\u0107 trzech sakrament\u00f3w wtajemniczenia chrze\u015bcija\u0144skiego. W Ko\u015bciele \u0142aci\u0144skim udziela si\u0119 bierzmowania po osi\u0105gni\u0119ciu \u201ewieku u\u017cywania rozumu\u201d. Jego udzielanie jest zazwyczaj zarezerwowane dla biskupa, aby wskaza\u0107 w ten spos\u00f3b, \u017ce bierzmowanie umacnia wi\u0119\u017a z Ko\u015bcio\u0142em.<\/p>\n<p style=\"text-align: justify;\"><b>1319<\/b> Kandydat do bierzmowania, kt\u00f3ry osi\u0105gn\u0105\u0142 wiek u\u017cywania rozumu, powinien z\u0142o\u017cy\u0107 wyznanie wiary, by\u0107 w stanie \u0142aski i mie\u0107 intencj\u0119 przyj\u0119cia tego sakramentu. Powinien te\u017c by\u0107 przygotowany do podj\u0119cia zadania ucznia i \u015bwiadka Chrystusa we wsp\u00f3lnocie Ko\u015bcio\u0142a oraz w sprawach doczesnych.<\/p>\n<p style=\"text-align: justify;\"><b>1320<\/b> Istotnym obrz\u0119dem bierzmowania jest namaszczenie krzy\u017cmem \u015bwi\u0119tym czo\u0142a ochrzczonego (na Wschodzie tak\u017ce innych cz\u0119\u015bci cia\u0142a) wraz z w\u0142o\u017ceniem r\u0119ki szafarza i s\u0142owami: Accipe signaculum doni Spiritus Sancti \u2013 \u201ePrzyjmij znami\u0119 daru Ducha \u015awi\u0119tego\u201d w obrz\u0105dku rzymskim, a w obrz\u0105dku bizantyjskim: \u201ePiecz\u0119\u0107 daru Ducha \u015awi\u0119tego\u201d.<\/p>\n<p style=\"text-align: justify;\"><b>1321<\/b> Je\u015bli bierzmowanie nie jest celebrowane razem z sakramentem chrztu, jego wi\u0119\u017a z chrztem zostaje wyra\u017cona mi\u0119dzy innymi przez odnowienie przyrzecze\u0144 chrzcielnych. Celebracja bierzmowania podczas Eucharystii sprzyja podkre\u015bleniu jedno\u015bci sakrament\u00f3w wtajemniczenia chrze\u015bcija\u0144skiego.<\/p>\n<\/div>\n","protected":false},"excerpt":{"rendered":"<p>Jezus przed swym publicznym wyst\u0105pieniem zosta\u0142 \u201enamaszczony\u201d Duchem \u015awi\u0119tym. Podobnie Ko\u015bci\u00f3\u0142 Chrystusowy, zrodzony na krzy\u017cu, otrzyma\u0142 w\u00a0dniu Zes\u0142ania Ducha \u015awi\u0119tego \u201eMoc z\u00a0wysoko\u015bci\u201d. Ka\u017cdy ochrzczony, gdy dorasta, otrzymuje w\u00a0sakramencie bierzmowania siedem dar\u00f3w Ducha \u015awi\u0119tego (m\u0105dro\u015b\u0107, rozum, rada, m\u0119stwo, umiej\u0119tno\u015b\u0107, pobo\u017cno\u015b\u0107, boja\u017a\u0144 bo\u017ca). W sakramencie bierzmowania chrze\u015bcijanin zostaje powo\u0142any do odpowiedzialno\u015bci za Ko\u015bci\u00f3\u0142 i\u00a0za innych ludzi. Jest &hellip; <\/p>\n<p><a class=\"more-link btn\" href=\"https:\/\/parafiasmardzewo.pl\/?page_id=97\">Kontynuuj czytanie<\/a><\/p>\n","protected":false},"author":1,"featured_media":203,"parent":90,"menu_order":2,"comment_status":"closed","ping_status":"closed","template":"","meta":[],"_links":{"self":[{"href":"https:\/\/parafiasmardzewo.pl\/index.php?rest_route=\/wp\/v2\/pages\/97"}],"collection":[{"href":"https:\/\/parafiasmardzewo.pl\/index.php?rest_route=\/wp\/v2\/pages"}],"about":[{"href":"https:\/\/parafiasmardzewo.pl\/index.php?rest_route=\/wp\/v2\/types\/page"}],"author":[{"embeddable":true,"href":"https:\/\/parafiasmardzewo.pl\/index.php?rest_route=\/wp\/v2\/users\/1"}],"replies":[{"embeddable":true,"href":"https:\/\/parafiasmardzewo.pl\/index.php?rest_route=%2Fwp%2Fv2%2Fcomments&post=97"}],"version-history":[{"count":5,"href":"https:\/\/parafiasmardzewo.pl\/index.php?rest_route=\/wp\/v2\/pages\/97\/revisions"}],"predecessor-version":[{"id":2975,"href":"https:\/\/parafiasmardzewo.pl\/index.php?rest_route=\/wp\/v2\/pages\/97\/revisions\/2975"}],"up":[{"embeddable":true,"href":"https:\/\/parafiasmardzewo.pl\/index.php?rest_route=\/wp\/v2\/pages\/90"}],"wp:featuredmedia":[{"embeddable":true,"href":"https:\/\/parafiasmardzewo.pl\/index.php?rest_route=\/wp\/v2\/media\/203"}],"wp:attachment":[{"href":"https:\/\/parafiasmardzewo.pl\/index.php?rest_route=%2Fwp%2Fv2%2Fmedia&parent=97"}],"curies":[{"name":"wp","href":"https:\/\/api.w.org\/{rel}","templated":true}]}}