{"id":99,"date":"2016-02-07T09:32:05","date_gmt":"2016-02-07T09:32:05","guid":{"rendered":"http:\/\/parafiasmardzewo.pl\/?page_id=99"},"modified":"2016-11-27T11:25:51","modified_gmt":"2016-11-27T10:25:51","slug":"sakrament-pokuty","status":"publish","type":"page","link":"https:\/\/parafiasmardzewo.pl\/?page_id=99","title":{"rendered":"Sakrament Pokuty"},"content":{"rendered":"<p style=\"text-align: justify;\"><script type=\"text\/javascript\">\/\/ <![CDATA[\nfunction pokarz(co) {\nvar liczbaPaneli = 12;\n     do {\n            var panel = document.getElementById(\"o\"+liczbaPaneli);\n            if (co == liczbaPaneli)\n                 panel.style.display = \"initial\";\n            else\n                 panel.style.display = \"none\";\n         liczbaPaneli--;\n     }\n     while (liczbaPaneli>0)\n  }\n\/\/ ]]><\/script><\/p>\n<p style=\"text-align: justify;\"><a href=\"http:\/\/parafiasmardzewo.pl\/wp-content\/uploads\/2016\/02\/SAM_3078.jpg\"><img loading=\"lazy\" class=\"alignnone size-medium wp-image-206\" src=\"http:\/\/parafiasmardzewo.pl\/wp-content\/uploads\/2016\/02\/SAM_3078-300x194.jpg\" alt=\"SAM_3078\" width=\"300\" height=\"194\" \/><\/a><\/p>\n<h3 style=\"text-align: justify;\" align=\"center\">\u201eWe\u017amijcie Ducha \u015awi\u0119tego! Kt\u00f3rym grzechy odpu\u015bcicie, s\u0105 im odpuszczone, a\u00a0kt\u00f3rym zatrzymacie, s\u0105 im zatrzymane\u201d (J20, 22-23). Jezus Chrystus jest Ofiar\u0105 przeb\u0142agaln\u0105 za nasze grzechy, i\u00a0nie tylko za nasze, lecz r\u00f3wnie\u017c za grzechy ca\u0142ego \u015bwiata&#8221; (1 J 2, 12). Sakrament pokuty, zwany te\u017c sakramentem pojednania, ustanowi\u0142 Pan Jezus po swoim zmartwychwstaniu. Wyznanie grzech\u00f3w, p\u0142yn\u0105ce ze skruchy serca, z\u00a0pragnienia nawi\u0105zania zerwanych wi\u0119z\u00f3w przyja\u017ani z\u00a0Bogiem i\u00a0bli\u017animi, prowadzi do spotkania z\u00a0Synem Bo\u017cym. Istotnym warunkiem spotkania z\u00a0Chrystusem jest <b>\u017cal za grzechy<\/b>. \u0141\u0105czy si\u0119 z\u00a0nim \u015bci\u015ble <b>postanowienie poprawy \u017cycia<\/b>, czyli postanowienie zastosowania \u015brodk\u00f3w, kt\u00f3re pozwol\u0105 z\u00a0czasem wyj\u015b\u0107 z\u00a0grzech\u00f3w, u\u015bwiadomionych sobie uprzednio w\u00a0<b>rachunku sumienia<\/b>. Przyst\u0119puj\u0105cy do spowiedzi, <b>wyznaje grzechy kap\u0142anowi,<\/b> kt\u00f3ry uobecnia Chrystusa. Jego w\u0142adza, Jego moc\u0105 odpuszcza grzechy oraz jednoczy grzesznika z\u00a0Chrystusem i\u00a0Ko\u015bcio\u0142em. Cz\u0142owiek pojednany z\u00a0Bogiem i\u00a0z lud\u017ami powinien <b>zado\u015b\u0107uczyni\u0107 za grzechy<\/b> Bogu, wykonuj\u0105c zadan\u0105 pokut\u0119 oraz naprawi\u0107 krzywdy wyrz\u0105dzone bli\u017anim. Wype\u0142nienie pi\u0119\u0107 warunk\u00f3w sakramentu pokuty jest konieczne, aby otrzyma\u0107 rozgrzeszenie i\u00a0pojedna\u0107 si\u0119 z\u00a0Bogiem. Sakrament pokuty przynosi pojednanie, przebaczenie, ulg\u0119, pok\u00f3j, rado\u015b\u0107 serca i\u00a0\u0142ask\u0119 Bo\u017c\u0105.<\/h3>\n<div id=\"o12\" style=\"display: none;\">\n<p style=\"text-align: justify;\"><b>1485<\/b> <i>\u201eWieczorem owego pierwszego dnia&#8230; przyszed\u0142 Jezus, stan\u0105\u0142 po\u015brodku i\u00a0rzek\u0142 (do Aposto\u0142\u00f3w): &lt;&gt;\u201d (J 20, 19. 22-23).<\/i><\/p>\n<p style=\"text-align: justify;\"><b>1486<\/b> <i>Przebaczenie grzech\u00f3w pope\u0142nionych po chrzcie jest udzielane przez osobny sakrament nazywany sakramentem nawr\u00f3cenia, spowiedzi, pokuty lub pojednania.<\/i><\/p>\n<p style=\"text-align: justify;\"><b>1487<\/b> <i>Ten, kto grzeszy, rani cze\u015b\u0107 i\u00a0mi\u0142o\u015b\u0107 Boga, a\u00a0tak\u017ce w\u0142asn\u0105 godno\u015b\u0107 cz\u0142owieka powo\u0142anego do synostwa Bo\u017cego oraz narusza duchowe dobro Ko\u015bcio\u0142a, kt\u00f3rego ka\u017cdy chrze\u015bcijanin powinien by\u0107 \u017cywym kamieniem.<\/i><\/p>\n<p style=\"text-align: justify;\"><b>1488<\/b> <i>W \u015bwietle wiary nie ma wi\u0119kszego z\u0142a ni\u017c grzech i\u00a0nic innego nie powoduje gorszych skutk\u00f3w dla samych grzesznik\u00f3w, dla Ko\u015bcio\u0142a i\u00a0dla ca\u0142ego \u015bwiata.<\/i><\/p>\n<p style=\"text-align: justify;\"><b>1489<\/b> <i>Powr\u00f3t do komunii z\u00a0Bogiem, kt\u00f3ra zosta\u0142a utracona przez grzech, rodzi si\u0119 z\u00a0\u0142aski Boga pe\u0142nego mi\u0142osierdzia i\u00a0troszcz\u0105cego si\u0119 o\u00a0zbawienie ludzi. Trzeba prosi\u0107 o\u00a0ten cenny dar dla siebie i\u00a0dla innych.<\/i><\/p>\n<p style=\"text-align: justify;\"><b>1490<\/b> <i>Droga powrotu do Boga, nazywana nawr\u00f3ceniem i\u00a0\u017calem, zak\u0142ada b\u00f3l i\u00a0odwr\u00f3cenie si\u0119 od pope\u0142nionych grzech\u00f3w oraz mocne postanowienie niegrzeszenia w\u00a0przysz\u0142o\u015bci. Nawr\u00f3cenie dotyczy wi\u0119c przesz\u0142o\u015bci i\u00a0przysz\u0142o\u015bci. \u0179r\u00f3d\u0142em nawr\u00f3cenia jest nadzieja na mi\u0142osierdzie Bo\u017ce.<\/i><\/p>\n<p style=\"text-align: justify;\"><b>1491<\/b> <i>Sakrament pokuty sk\u0142ada si\u0119 z\u00a0trzech akt\u00f3w penitenta oraz z\u00a0rozgrzeszenia kap\u0142ana. Aktami penitenta s\u0105: \u017cal za grzechy, spowied\u017a lub ujawnienie grzech\u00f3w przed kap\u0142anem oraz postanowienie wype\u0142nienia zado\u015b\u0107uczynienia i\u00a0czyn\u00f3w pokutnych.<\/i><\/p>\n<p style=\"text-align: justify;\"><b>1492<\/b> <i>\u017bal za grzechy (nazywany tak\u017ce skruch\u0105) powinien wyp\u0142ywa\u0107 z\u00a0motyw\u00f3w wynikaj\u0105cych z\u00a0wiary. Je\u015bli jego \u017ar\u00f3d\u0142em jest mi\u0142o\u015b\u0107 do Boga, nazywamy go \u201edoskona\u0142ym\u201d; je\u015bli opiera si\u0119 na innych motywach, nazywamy go \u201eniedoskona\u0142ym\u201d.<\/i><\/p>\n<p style=\"text-align: justify;\"><b>1493<\/b> <i>Kto chce dost\u0105pi\u0107 pojednania z\u00a0Bogiem i\u00a0z Ko\u015bcio\u0142em, musi wyzna\u0107 przed kap\u0142anem wszystkie grzechy ci\u0119\u017ckie, kt\u00f3rych jeszcze nie wyznawa\u0142, a\u00a0kt\u00f3re przypomnia\u0142 sobie po starannym zbadaniu swego sumienia. Wyznawanie grzech\u00f3w powszednich niej jest samo w\u00a0sobie konieczne, niemniej jest przez Ko\u015bci\u00f3\u0142 \u017cywo zalecane.<\/i><\/p>\n<p style=\"text-align: justify;\"><b>1494<\/b> <i>Spowiednik zadaje penitentowi wype\u0142nienie pewnych czyn\u00f3w \u201ezado\u015b\u0107uczynienia\u201d lub \u201epokuty\u201d, by wynagrodzi\u0142 szkody spowodowane przez grzech i\u00a0post\u0119powa\u0142 w\u00a0spos\u00f3b godny ucznia Chrystusa.<\/i><\/p>\n<p style=\"text-align: justify;\"><b>1495<\/b><i>Tylko kap\u0142ani, kt\u00f3rzy zostali upowa\u017cnieni przez w\u0142adz\u0119 ko\u015bcieln\u0105 do spowiadania, mog\u0105 przebacza\u0107 grzechy w\u00a0imieniu Chrystusa.<\/i><\/p>\n<p style=\"text-align: justify;\"><b>1496<\/b><i> Skutki duchowe sakramentu pokuty s\u0105 nast\u0119puj\u0105ce:<\/i><\/p>\n<ul style=\"text-align: justify;\">\n<li>pojednanie z\u00a0Bogiem, przez kt\u00f3re penitent odzyskuje \u0142ask\u0119;<\/li>\n<li><i>pojednanie z\u00a0Ko\u015bcio\u0142em;<\/i><\/li>\n<li><i>darowanie kary wiecznej spowodowanej przez grzechy \u015bmiertelne;<\/i><\/li>\n<li><i>darowanie, przynajmniej cz\u0119\u015bciowe, kar doczesnych, b\u0119d\u0105cych skutkiem grzechu;<\/i><\/li>\n<li><i>pok\u00f3j i\u00a0pogoda sumienia oraz pociecha duchowa;<\/i><\/li>\n<li><i>wzrost si\u0142 duchowych do walki, jak\u0105 musi prowadzi\u0107 chrze\u015bcijanin.<\/i><\/li>\n<\/ul>\n<p style=\"text-align: justify;\"><b>1497<\/b> <i>Indywidualna i\u00a0integralna spowied\u017a z\u00a0grzech\u00f3w ci\u0119\u017ckich oraz rozgrzeszenie stanowi\u0105 jedyny zwyczajny spos\u00f3b pojednania si\u0119 z\u00a0Bogiem i\u00a0Ko\u015bcio\u0142em.<\/i><\/p>\n<p style=\"text-align: justify;\"><b>1498<\/b> <i>Przez odpusty wierni mog\u0105 otrzyma\u0107 dla siebie, a\u00a0tak\u017ce dla dusz w\u00a0czy\u015b\u0107cu, darowanie kar doczesnych, b\u0119d\u0105cych skutkiem grzech\u00f3w.<\/i><\/p>\n<\/div>\n","protected":false},"excerpt":{"rendered":"<p>\u201eWe\u017amijcie Ducha \u015awi\u0119tego! Kt\u00f3rym grzechy odpu\u015bcicie, s\u0105 im odpuszczone, a\u00a0kt\u00f3rym zatrzymacie, s\u0105 im zatrzymane\u201d (J20, 22-23). Jezus Chrystus jest Ofiar\u0105 przeb\u0142agaln\u0105 za nasze grzechy, i\u00a0nie tylko za nasze, lecz r\u00f3wnie\u017c za grzechy ca\u0142ego \u015bwiata&#8221; (1 J 2, 12). Sakrament pokuty, zwany te\u017c sakramentem pojednania, ustanowi\u0142 Pan Jezus po swoim zmartwychwstaniu. Wyznanie grzech\u00f3w, p\u0142yn\u0105ce ze skruchy &hellip; <\/p>\n<p><a class=\"more-link btn\" href=\"https:\/\/parafiasmardzewo.pl\/?page_id=99\">Kontynuuj czytanie<\/a><\/p>\n","protected":false},"author":1,"featured_media":206,"parent":90,"menu_order":4,"comment_status":"closed","ping_status":"closed","template":"","meta":[],"_links":{"self":[{"href":"https:\/\/parafiasmardzewo.pl\/index.php?rest_route=\/wp\/v2\/pages\/99"}],"collection":[{"href":"https:\/\/parafiasmardzewo.pl\/index.php?rest_route=\/wp\/v2\/pages"}],"about":[{"href":"https:\/\/parafiasmardzewo.pl\/index.php?rest_route=\/wp\/v2\/types\/page"}],"author":[{"embeddable":true,"href":"https:\/\/parafiasmardzewo.pl\/index.php?rest_route=\/wp\/v2\/users\/1"}],"replies":[{"embeddable":true,"href":"https:\/\/parafiasmardzewo.pl\/index.php?rest_route=%2Fwp%2Fv2%2Fcomments&post=99"}],"version-history":[{"count":3,"href":"https:\/\/parafiasmardzewo.pl\/index.php?rest_route=\/wp\/v2\/pages\/99\/revisions"}],"predecessor-version":[{"id":2977,"href":"https:\/\/parafiasmardzewo.pl\/index.php?rest_route=\/wp\/v2\/pages\/99\/revisions\/2977"}],"up":[{"embeddable":true,"href":"https:\/\/parafiasmardzewo.pl\/index.php?rest_route=\/wp\/v2\/pages\/90"}],"wp:featuredmedia":[{"embeddable":true,"href":"https:\/\/parafiasmardzewo.pl\/index.php?rest_route=\/wp\/v2\/media\/206"}],"wp:attachment":[{"href":"https:\/\/parafiasmardzewo.pl\/index.php?rest_route=%2Fwp%2Fv2%2Fmedia&parent=99"}],"curies":[{"name":"wp","href":"https:\/\/api.w.org\/{rel}","templated":true}]}}